{"id":994,"date":"2019-08-11T23:26:03","date_gmt":"2019-08-11T21:26:03","guid":{"rendered":"http:\/\/novesiacup.com\/?page_id=994"},"modified":"2019-08-12T23:40:18","modified_gmt":"2019-08-12T21:40:18","slug":"schalke-04","status":"publish","type":"page","link":"https:\/\/novesiacup.com\/index.php\/novesia-cup-2019\/schalke-04\/","title":{"rendered":"Schalke 04"},"content":{"rendered":"<p><img loading=\"lazy\" decoding=\"async\" class=\"aligncenter size-full wp-image-995\" src=\"http:\/\/novesiacup.com\/wp-content\/uploads\/2019\/08\/TeamLogos2019_Schalke.jpg\" alt=\"\" width=\"1200\" height=\"500\" srcset=\"https:\/\/novesiacup.com\/wp-content\/uploads\/2019\/08\/TeamLogos2019_Schalke.jpg 1200w, https:\/\/novesiacup.com\/wp-content\/uploads\/2019\/08\/TeamLogos2019_Schalke-300x125.jpg 300w, https:\/\/novesiacup.com\/wp-content\/uploads\/2019\/08\/TeamLogos2019_Schalke-768x320.jpg 768w, https:\/\/novesiacup.com\/wp-content\/uploads\/2019\/08\/TeamLogos2019_Schalke-1024x427.jpg 1024w\" sizes=\"auto, (max-width: 1200px) 100vw, 1200px\" \/><\/p>\n<p>&nbsp;<\/p>\n<h2>Die Legende lebt<\/h2>\n<p><strong>Gelsenkirchen<\/strong> liegt in der ehemals l\u00e4ndlich gepr\u00e4gten Emscherzone des Ruhrgebietes. Die hektische industrielle Entwicklung sorgte mit den Zechensiedlungen f\u00fcr neue gro\u00dfe Stadtgebiete und f\u00fcr die Kumpels, die mit einer enormen Treue den Verein bis heute begleitet haben. Der wirtschaftliche Wandel hat heute <strong>Gelsenkirchen<\/strong> erneut ver\u00e4ndert, geblieben ist aber die Liebe der \u201eKumpels\u201c zu <strong>Schalke O4<\/strong>. <strong>1904<\/strong> gegr\u00fcndet begann in der Folgezeit recht schnell der Aufstieg zur damals ber\u00fchmtesten deutschen Mannschaft. <strong>Schalke<\/strong> geh\u00f6rte zu den <strong>16 Vereinen<\/strong>, die <strong>1963<\/strong> in die <strong>erste Bundesligasaison<\/strong> starteten. In der <strong>Bundesliga<\/strong> gab es H\u00f6hen, aber auch Tiefen und nicht immer spielte <strong>Schalke 04<\/strong> in der ersten Liga. Nach der Errichtung der <strong>61500 Zuschauer<\/strong> fassenden und zumeist ausverkauften <strong>Schalker Arena<\/strong> im Jahr <strong>2001<\/strong> kn\u00fcpften die K\u00f6nigsblauen sportlich an ganz gro\u00dfe Zeiten an. Sie spielten in der <strong>UEFA Champions League<\/strong> und gewannen den <strong>DFB-Pokal<\/strong>. Von diesen Erfolgen war die hoch gehandelte Mannschaft in der letzten Saison weit entfernt. Mit gro\u00dfen Erwartungen gestartet konnte die Mannschaft in keiner Phase der Saison diese erf\u00fcllen. Aber letztendlich konnte der durchaus m\u00f6gliche Abstieg auch sehr zur Erleichterung der vielen <strong>Schalker Fans<\/strong> in <strong>Neuss<\/strong> vermieden werden.<br \/>\n.<br \/>\nDie <strong>Schalker Jugend<\/strong> nahm bereits mehrfach am Turnier um den <strong>Novesia Cup<\/strong> teil. Beim Gr\u00fcndungsturnier im <strong>Neusser Stadion<\/strong> stand <strong>Manuel Neuer<\/strong> als kleiner Nachwuchsspieler im Tor der <strong>Schalker<\/strong>. Besonders auszeichnen konnte er sich er damals noch nicht und auch das Turnierergebnis ist nicht unbedingt erw\u00e4hnenswert. Aber eben die hervorragende Jugendarbeit der <strong>Schalker<\/strong> machte eine besondere Karriere m\u00f6glich. Aus dem Knirps wurde der <strong>weltbeste Torwart<\/strong>. Aber damit nicht genug. Mit <strong>Schalke<\/strong> konnte noch ein weiterer aktueller <strong>Nationalspieler<\/strong> die Besonderheit des <strong>Novesia Cups<\/strong> erleben. Auch <strong>Leroy Sane<\/strong> war mit seinen \u201eKnappen\u201c w\u00e4hrend seiner <strong>Schalker Jugendzeit<\/strong> in <strong>Neuss<\/strong>. Somit darf man sehr gespannt sein, mit welchen besonderen Talenten der Verein in <strong>Neuss<\/strong> auflaufen wird.<\/p>\n<p>Entt\u00e4uscht hat <strong>Schalke<\/strong> in <strong>Neuss<\/strong> sicher nie, aber die Elf aus dem Revier konnte nur selten bei dem hochklassigen Feld wirklich B\u00e4ume ausrei\u00dfen. Einmal konnte sich <strong>Schalke<\/strong> in das <strong>Endspiel<\/strong> vork\u00e4mpfen, welches dann nur per <strong>Elfmeterschie\u00dfen<\/strong> verloren ging. In diesem Jahr geht die Mannschaft berechtigterweise erneut als Mitfavorit ins Rennen. Zumindest waren die Vergleiche der letzten Monate mit den westdeutschen Turnierkonkurrenten durchaus beachtlich. Zum Abschluss des Nachwuchswettbewerbs der Bundesligisten (<strong>Revier-Cup<\/strong>) konnte der aktuelle Jahrgang mit <strong>Rang 2<\/strong> einen Spitzenplatz erreichen und kein westdeutscher Mitbewerber beim Cup konnte gegen den <strong>Jahrgang 2006<\/strong> von <strong>Schalke 04<\/strong> bei den letzten Vergleichen den Sieg davon tragen.<\/p>\n<p>Dennoch wird bei dem sehr guten Teilnehmerfeld des diesj\u00e4hrigen Turniers die Endrunde f\u00fcr <strong>Schalke<\/strong> sicher kein Selbstl\u00e4ufer. Die Begegnungen gegen <strong>Warschau<\/strong> und <strong>K\u00f6ln<\/strong> werden erste<br \/>\nFingerzeige geben.<\/p>\n<p>&nbsp;<\/p>\n<p><a href=\"https:\/\/renault-barwinski-neuss.de\/\" target=\"_blank\" rel=\"noopener\"><img loading=\"lazy\" decoding=\"async\" class=\"alignleft wp-image-1029 size-full\" src=\"http:\/\/novesiacup.com\/wp-content\/uploads\/2019\/08\/renault2019.jpg\" alt=\"\" width=\"1500\" height=\"1581\" srcset=\"https:\/\/novesiacup.com\/wp-content\/uploads\/2019\/08\/renault2019.jpg 1500w, https:\/\/novesiacup.com\/wp-content\/uploads\/2019\/08\/renault2019-285x300.jpg 285w, https:\/\/novesiacup.com\/wp-content\/uploads\/2019\/08\/renault2019-768x809.jpg 768w, https:\/\/novesiacup.com\/wp-content\/uploads\/2019\/08\/renault2019-972x1024.jpg 972w\" sizes=\"auto, (max-width: 1500px) 100vw, 1500px\" \/><\/a><\/p>\n","protected":false},"excerpt":{"rendered":"<p>&nbsp; Die Legende lebt Gelsenkirchen liegt in der ehemals l\u00e4ndlich gepr\u00e4gten Emscherzone des Ruhrgebietes. Die hektische industrielle Entwicklung sorgte mit den Zechensiedlungen f\u00fcr neue gro\u00dfe Stadtgebiete und f\u00fcr die Kumpels, &#8230;<\/p>\n","protected":false},"author":1,"featured_media":0,"parent":922,"menu_order":0,"comment_status":"closed","ping_status":"closed","template":"","meta":{"_monsterinsights_skip_tracking":false,"_monsterinsights_sitenote_active":false,"_monsterinsights_sitenote_note":"","_monsterinsights_sitenote_category":0,"footnotes":""},"class_list":["post-994","page","type-page","status-publish","hentry"],"_links":{"self":[{"href":"https:\/\/novesiacup.com\/index.php\/wp-json\/wp\/v2\/pages\/994","targetHints":{"allow":["GET"]}}],"collection":[{"href":"https:\/\/novesiacup.com\/index.php\/wp-json\/wp\/v2\/pages"}],"about":[{"href":"https:\/\/novesiacup.com\/index.php\/wp-json\/wp\/v2\/types\/page"}],"author":[{"embeddable":true,"href":"https:\/\/novesiacup.com\/index.php\/wp-json\/wp\/v2\/users\/1"}],"replies":[{"embeddable":true,"href":"https:\/\/novesiacup.com\/index.php\/wp-json\/wp\/v2\/comments?post=994"}],"version-history":[{"count":4,"href":"https:\/\/novesiacup.com\/index.php\/wp-json\/wp\/v2\/pages\/994\/revisions"}],"predecessor-version":[{"id":1036,"href":"https:\/\/novesiacup.com\/index.php\/wp-json\/wp\/v2\/pages\/994\/revisions\/1036"}],"up":[{"embeddable":true,"href":"https:\/\/novesiacup.com\/index.php\/wp-json\/wp\/v2\/pages\/922"}],"wp:attachment":[{"href":"https:\/\/novesiacup.com\/index.php\/wp-json\/wp\/v2\/media?parent=994"}],"curies":[{"name":"wp","href":"https:\/\/api.w.org\/{rel}","templated":true}]}}