{"id":985,"date":"2019-08-11T23:41:00","date_gmt":"2019-08-11T21:41:00","guid":{"rendered":"http:\/\/novesiacup.com\/?page_id=985"},"modified":"2019-08-30T12:12:15","modified_gmt":"2019-08-30T10:12:15","slug":"1-fc-koeln","status":"publish","type":"page","link":"https:\/\/novesiacup.com\/index.php\/novesia-cup-2019\/1-fc-koeln\/","title":{"rendered":"1. FC K\u00f6ln"},"content":{"rendered":"<p><img loading=\"lazy\" decoding=\"async\" class=\"aligncenter size-full wp-image-986\" src=\"http:\/\/novesiacup.com\/wp-content\/uploads\/2019\/08\/TeamLogos2019_1FCK.jpg\" alt=\"\" width=\"1200\" height=\"500\" srcset=\"https:\/\/novesiacup.com\/wp-content\/uploads\/2019\/08\/TeamLogos2019_1FCK.jpg 1200w, https:\/\/novesiacup.com\/wp-content\/uploads\/2019\/08\/TeamLogos2019_1FCK-300x125.jpg 300w, https:\/\/novesiacup.com\/wp-content\/uploads\/2019\/08\/TeamLogos2019_1FCK-768x320.jpg 768w, https:\/\/novesiacup.com\/wp-content\/uploads\/2019\/08\/TeamLogos2019_1FCK-1024x427.jpg 1024w\" sizes=\"auto, (max-width: 1200px) 100vw, 1200px\" \/><\/p>\n<p>&nbsp;<\/p>\n<h2>Ein Verein mit einem gro\u00dfen Herz f\u00fcr den Nachwuchs<\/h2>\n<p><strong>K\u00f6ln<\/strong>, die gr\u00f6\u00dfte Stadt in\u00a0<strong>NRW<\/strong>, liegt vor den Toren des <strong>Mittelgebirges<\/strong>. Sie hat viele Namen: <strong>\u201eDomstadt\u201c, \u201eMesse- und Universit\u00e4tsstadt\u201c, \u201eR\u00f6merstadt\u201c, \u201eKarnevalshochburg\u201c<\/strong>. Am liebsten ist den <strong>K\u00f6lner<\/strong> sicher die Benennung als <strong>\u201eFu\u00dfballhochburg\u201c<\/strong>. Und das kann sie ja wieder nach dem letztendlich souver\u00e4nen Aufstieg aus der <strong>2. Liga<\/strong>. <strong>K\u00f6ln<\/strong> und <strong>2. Liga<\/strong>, dies passt f\u00fcr das Gr\u00fcndungsmitglied der <strong>Bundesliga<\/strong> einfach nicht zusammen. Nat\u00fcrlich geh\u00f6rt der Verein mit <strong>3 Meisterschaften<\/strong> und <strong>4 Pokalsiegen<\/strong> in die <strong>erste Liga<\/strong>. Auf jeden Fall darf man sicher sein, dass das begeisterungs- und auch leidensf\u00e4hige Publikum die Mannschaft in der laufenden <strong>Erstligasaison<\/strong> wieder zu Spitzenergebnissen \u201efeiern\u201c kann. <strong>K\u00f6ln<\/strong> ist f\u00fcr den <strong>K\u00f6lner<\/strong> selbst einfach nur ein \u201eGef\u00fchl\u201c. Und dazu geh\u00f6rt eben auch der<strong> \u201eEff-Zeh\u201c<\/strong>.<br \/>\nZu den besten des Fachs z\u00e4hlen auch die <strong>Junioren<\/strong> des Vereins. Der <strong>1. FC K\u00f6ln<\/strong> war <strong>2006<\/strong> erstmals beim <strong>Novesia Cup<\/strong>. Trotz der Leistungsdichte beim Turnier erreichte der<strong> FC<\/strong> immer Spitzenpl\u00e4tze und stand einmal im <strong>Endspiel<\/strong> gegen <strong>Borussia M\u00f6nchengladbach<\/strong>. Aber auch der <strong>1. FC<\/strong> hat es nicht geschafft, die Dominanz der jungen Fohlen in <strong>Neuss<\/strong> zu brechen. Aktuell z\u00e4hlt der <strong>U-14<\/strong> Jahrgang aus <strong>K\u00f6ln<\/strong> wieder zu den westdeutschen TOP Mannschaften, wie auch die gesamte Jugendarbeit eine besondere Wertsch\u00e4tzung erh\u00e4lt. Bei der aktuellen Zertifizierung durch die <strong>DFL<\/strong> wurde das Nachwuchsleitungszentrum des <strong>1. FC K\u00f6ln<\/strong> erneut mit dem <strong>h\u00f6chstm\u00f6glichen Ergebnis \u201eexzellentes Level\u201c<\/strong> ausgezeichnet. F\u00fcr die Durchl\u00e4ssigkeit zwischen Nachwuchs- und Profimannschaft gab es eine Zusatzehrung. Im aktuellen <strong>Profikader<\/strong> kommen mit <strong>Timo Horn<\/strong>,<strong> Jonas Hector<\/strong>, <strong>Lukas Kl\u00fcnter<\/strong>, <strong>Salih \u00d6zcan<\/strong>, <strong>Sven M\u00fcller<\/strong> und <strong>Christian Clemens<\/strong> gleich mehrere Spieler aus der eigenen Jugend zum Einsatz. Ein Beispiel, das Schule machen sollte.<\/p>\n<p>Das signalisieren auch die Ergebnisse des <strong>Jahrgangs 2006<\/strong> im Wettbewerb der <strong>Bundesligisten<\/strong> in der abgelaufenen <strong>Saison 2018\/2019<\/strong>. Hier belegt das Team in der Abschlusstabelle <strong>Rang 5<\/strong>, aber gerade gegen die westdeutschen Mitwettbewerber beim <strong>Novesia Cup<\/strong> erzielte man sehr gute Ergebnisse. Aber nicht nur diese Tatsache macht <strong>K\u00f6ln<\/strong> zu einem Mitfavoriten auf den Turniersieg. Auch beim <strong>Santander Cup<\/strong> vor wenigen Monaten konnten die <strong>\u201ejungen Geisb\u00f6cke\u201c<\/strong> durchaus \u00fcberzeugen. Immerhin konnte das Team die sehr hoch gehandelten Teams <strong>Arsenal London<\/strong> und <strong>Kopenhagen<\/strong> besiegen. Gegen <strong>Turin<\/strong> spielte man Remis, so dass die junge Mannschaft <strong>K\u00f6ln<\/strong> bei diesem mit europ\u00e4ischen Spitzenteams besetzten Turnier im <strong>Borussia Park<\/strong> in das <strong>Halbfinale<\/strong> gegen den sp\u00e4teren <strong>Turniersieger Valencia<\/strong> einziehen konnte. Im <strong>Halbfinale<\/strong> war man keineswegs unterlegen. Das Spiel endete <strong>0:0<\/strong> und <strong>Valencia<\/strong> zog lediglich durch das <strong>Elfmeterschie\u00dfen<\/strong> mit einem <strong>5:4<\/strong> Ergebnis in das <strong>Endspiel<\/strong> ein. Ein Elfmeterkrimi brachte <strong>Valencia<\/strong> nicht nur gegen die Fohlen, sondern auch den<strong> FC<\/strong> in das Finale.<\/p>\n<p>&nbsp;<\/p>\n<p><a href=\"https:\/\/www.gwg-neuss.de\/\" target=\"_blank\" rel=\"noopener\"><img loading=\"lazy\" decoding=\"async\" class=\"alignleft wp-image-1118 size-full\" src=\"http:\/\/novesiacup.com\/wp-content\/uploads\/2019\/08\/gwg_2019.jpg\" alt=\"\" width=\"1200\" height=\"1703\" srcset=\"https:\/\/novesiacup.com\/wp-content\/uploads\/2019\/08\/gwg_2019.jpg 1200w, https:\/\/novesiacup.com\/wp-content\/uploads\/2019\/08\/gwg_2019-211x300.jpg 211w, https:\/\/novesiacup.com\/wp-content\/uploads\/2019\/08\/gwg_2019-768x1090.jpg 768w, https:\/\/novesiacup.com\/wp-content\/uploads\/2019\/08\/gwg_2019-722x1024.jpg 722w\" sizes=\"auto, (max-width: 1200px) 100vw, 1200px\" \/><\/a><\/p>\n","protected":false},"excerpt":{"rendered":"<p>&nbsp; Ein Verein mit einem gro\u00dfen Herz f\u00fcr den Nachwuchs K\u00f6ln, die gr\u00f6\u00dfte Stadt in\u00a0NRW, liegt vor den Toren des Mittelgebirges. Sie hat viele Namen: \u201eDomstadt\u201c, \u201eMesse- und Universit\u00e4tsstadt\u201c, \u201eR\u00f6merstadt\u201c, &#8230;<\/p>\n","protected":false},"author":1,"featured_media":0,"parent":922,"menu_order":0,"comment_status":"closed","ping_status":"closed","template":"","meta":{"_monsterinsights_skip_tracking":false,"_monsterinsights_sitenote_active":false,"_monsterinsights_sitenote_note":"","_monsterinsights_sitenote_category":0,"footnotes":""},"class_list":["post-985","page","type-page","status-publish","hentry"],"_links":{"self":[{"href":"https:\/\/novesiacup.com\/index.php\/wp-json\/wp\/v2\/pages\/985","targetHints":{"allow":["GET"]}}],"collection":[{"href":"https:\/\/novesiacup.com\/index.php\/wp-json\/wp\/v2\/pages"}],"about":[{"href":"https:\/\/novesiacup.com\/index.php\/wp-json\/wp\/v2\/types\/page"}],"author":[{"embeddable":true,"href":"https:\/\/novesiacup.com\/index.php\/wp-json\/wp\/v2\/users\/1"}],"replies":[{"embeddable":true,"href":"https:\/\/novesiacup.com\/index.php\/wp-json\/wp\/v2\/comments?post=985"}],"version-history":[{"count":7,"href":"https:\/\/novesiacup.com\/index.php\/wp-json\/wp\/v2\/pages\/985\/revisions"}],"predecessor-version":[{"id":1120,"href":"https:\/\/novesiacup.com\/index.php\/wp-json\/wp\/v2\/pages\/985\/revisions\/1120"}],"up":[{"embeddable":true,"href":"https:\/\/novesiacup.com\/index.php\/wp-json\/wp\/v2\/pages\/922"}],"wp:attachment":[{"href":"https:\/\/novesiacup.com\/index.php\/wp-json\/wp\/v2\/media?parent=985"}],"curies":[{"name":"wp","href":"https:\/\/api.w.org\/{rel}","templated":true}]}}