{"id":959,"date":"2019-08-11T23:52:59","date_gmt":"2019-08-11T21:52:59","guid":{"rendered":"http:\/\/novesiacup.com\/?page_id=959"},"modified":"2019-08-13T18:20:32","modified_gmt":"2019-08-13T16:20:32","slug":"borussia-moenchengladbach","status":"publish","type":"page","link":"https:\/\/novesiacup.com\/index.php\/novesia-cup-2019\/borussia-moenchengladbach\/","title":{"rendered":"Borussia M\u00f6nchengladbach"},"content":{"rendered":"<p><img loading=\"lazy\" decoding=\"async\" class=\"aligncenter wp-image-962 size-full\" src=\"http:\/\/novesiacup.com\/wp-content\/uploads\/2019\/08\/TeamLogos2019_borussia.jpg\" alt=\"\" width=\"1200\" height=\"500\" srcset=\"https:\/\/novesiacup.com\/wp-content\/uploads\/2019\/08\/TeamLogos2019_borussia.jpg 1200w, https:\/\/novesiacup.com\/wp-content\/uploads\/2019\/08\/TeamLogos2019_borussia-300x125.jpg 300w, https:\/\/novesiacup.com\/wp-content\/uploads\/2019\/08\/TeamLogos2019_borussia-768x320.jpg 768w, https:\/\/novesiacup.com\/wp-content\/uploads\/2019\/08\/TeamLogos2019_borussia-1024x427.jpg 1024w\" sizes=\"auto, (max-width: 1200px) 100vw, 1200px\" \/><\/p>\n<p>&nbsp;<\/p>\n<h2>Der Dauerbrenner des Novesia Cups<\/h2>\n<p>Wirtschaftlich stand das Geschehen rund um Textil, Bekleidung und dem Maschinenbau im Mittelpunkt der Stadt. Inzwischen hat der Strukturwandel auch in <strong>M\u00f6nchengladbach<\/strong> in den letzten Jahren zu einem deutlichen Wachstum der Dienstleistungsbereiche gef\u00fchrt. Und zu den gr\u00f6\u00dften Promotern der Stadt z\u00e4hlt bereits seit vielen Jahren auch die <strong>M\u00f6nchengladbacher Borussia<\/strong>. In <strong>2013<\/strong> \u00fcberschritt der Verein die Marke von <strong>60.000\u00a0Mitgliedern<\/strong> und belegt somit hinter <strong>Bayern M\u00fcnchen<\/strong>, <strong>Schalke 04<\/strong>, <strong>Borussia Dortmund<\/strong> und dem <strong>HSV<\/strong> die <strong>f\u00fcnfte Position<\/strong>. Und damit nicht genug: Das gute Abschneiden in den letzten Jahren mit der direkten Teilnahme an der <strong>Champions League 2016<\/strong> hat der Beliebtheit des Vereins einen weiteren Auftrieb gegeben. Die Erwartungen waren hoch in der letzten Saison und lange Zeit sah es nach einer riesigen \u00dcberraschung aus. Der <strong>Champions-League-Platz<\/strong> war fast schon gebucht, als eine kaum erkl\u00e4rliche Formschw\u00e4che die Ziele des Vereins doch noch gef\u00e4hrdeten. Weitere Erfolge auf der Zielgraden brachten letztendlich den <strong>f\u00fcnften Rang<\/strong>, der die Teilnahme in der kommenden Saison in den europ\u00e4ischen Ligen bedeutet. F\u00fcr neue Taten im <strong>Europapokal<\/strong> und in der <strong>Meisterschaft<\/strong> scheint die <strong>Borussia<\/strong> auch dank der Verpflichtung von mehreren neuen Spielern gut ger\u00fcstet. Das kann man auch von der <strong>Jugend der Borussia aus M\u00f6nchengladbach<\/strong> sagen.<\/p>\n<p>&nbsp;<\/p>\n<p><a href=\"https:\/\/www.neusserbauverein.de\/\" target=\"_blank\" rel=\"noopener\"><img loading=\"lazy\" decoding=\"async\" class=\"aligncenter wp-image-817 size-full\" src=\"http:\/\/novesiacup.com\/wp-content\/uploads\/2018\/08\/anzeige2018_bauverein.jpg\" alt=\"\" width=\"450\" height=\"375\" srcset=\"https:\/\/novesiacup.com\/wp-content\/uploads\/2018\/08\/anzeige2018_bauverein.jpg 450w, https:\/\/novesiacup.com\/wp-content\/uploads\/2018\/08\/anzeige2018_bauverein-300x250.jpg 300w\" sizes=\"auto, (max-width: 450px) 100vw, 450px\" \/><\/a><\/p>\n<p>&nbsp;<\/p>\n<p>Das <strong>Jugendleistungszentrum der Borussia<\/strong> erlangt seit Jahren eine sehr gute Bewertung durch die <strong>Deutsche Liga<\/strong>. Und auch die entsprechenden Erfolge sprechen f\u00fcr sich. Beim <strong>Novesia Cup<\/strong> in <strong>Neuss<\/strong> war die <strong>Borussia aus M\u00f6nchengladbach<\/strong> immer eine gro\u00dfe Nummer. Die <strong>Fohlenelf<\/strong> war seit der Gr\u00fcndung des <strong>Novesia Cups<\/strong> stets Teilnehmer des Wettbewerbs. Nicht in jedem Jahr im Vorfeld favorisiert, konnten sich die jungen <strong>Borussen<\/strong> sehr oft beim prestigetr\u00e4chtigen Turnier in <strong>Neuss<\/strong> sehr steigern. <strong>Kein Verein war so oft im Endspiel und kein Verein hat so oft den Turniersieg errungen<\/strong>. Bei der <strong>19. Auflage<\/strong> des Cups in <strong>2018<\/strong> erreichte die <strong>Borussia<\/strong> nach einem hart umk\u00e4mpften und \u00fcberaus spannenden Spiel gegen die <strong>Eintracht aus Frankfurt den Sieg<\/strong>.<\/p>\n<p>Auch in diesem Jahr d\u00fcrften die Spiele wieder sehr eng und spannend ausgehen. Das lassen zumindest die Ergebnisse der <strong>NRW Nachwuchsrunde der Bundesligisten<\/strong> erwarten. Der <strong>Jahrgang 2006<\/strong> der <strong>Borussia<\/strong> konnte den Wettbewerb <strong>2018\/2019<\/strong> hinter <strong>Essen<\/strong> und <strong>Schalke<\/strong> auf dem dritten Rang abschlie\u00dfen. Auch beim heimischen <strong>Santander Cup<\/strong> spielte das Team mit Siegen gegen <strong>Basel<\/strong>, <strong>Celtic<\/strong> und <strong>Turin<\/strong> eine gute Rolle. Nur gestoppt per <strong>Elfmeterschie\u00dfen<\/strong> durch den sp\u00e4teren <strong>Sieger Valencia<\/strong>. In der Zwischenrunde sicherte sich die <strong>Fohlenelf<\/strong> abschlie\u00dfend <strong>Rang 5<\/strong>. Bei dem \u00fcberaus namhaften Turnierfeld konnten Team, Trainer und Fans mit diesem Ergebnis sehr zufrieden sein. Nun wollen <strong>Royal Antwerpen<\/strong>, die <strong>Eintracht aus Frankfurt<\/strong> und die <strong>Fortuna<\/strong> die jungen <strong>Fohlen<\/strong> beim <strong>Novesia Cup in Neuss<\/strong> in der Gruppenphase stoppen. Dank der Auslosung kommt es schon in der <strong>Vorrunde<\/strong> zur Neuauflage des <strong>Endspiels<\/strong> im letzten Jahr, das die Zuschauer begeisterte.<\/p>\n","protected":false},"excerpt":{"rendered":"<p>&nbsp; Der Dauerbrenner des Novesia Cups Wirtschaftlich stand das Geschehen rund um Textil, Bekleidung und dem Maschinenbau im Mittelpunkt der Stadt. Inzwischen hat der Strukturwandel auch in M\u00f6nchengladbach in den &#8230;<\/p>\n","protected":false},"author":1,"featured_media":0,"parent":922,"menu_order":0,"comment_status":"closed","ping_status":"closed","template":"","meta":{"_monsterinsights_skip_tracking":false,"_monsterinsights_sitenote_active":false,"_monsterinsights_sitenote_note":"","_monsterinsights_sitenote_category":0,"footnotes":""},"class_list":["post-959","page","type-page","status-publish","hentry"],"_links":{"self":[{"href":"https:\/\/novesiacup.com\/index.php\/wp-json\/wp\/v2\/pages\/959","targetHints":{"allow":["GET"]}}],"collection":[{"href":"https:\/\/novesiacup.com\/index.php\/wp-json\/wp\/v2\/pages"}],"about":[{"href":"https:\/\/novesiacup.com\/index.php\/wp-json\/wp\/v2\/types\/page"}],"author":[{"embeddable":true,"href":"https:\/\/novesiacup.com\/index.php\/wp-json\/wp\/v2\/users\/1"}],"replies":[{"embeddable":true,"href":"https:\/\/novesiacup.com\/index.php\/wp-json\/wp\/v2\/comments?post=959"}],"version-history":[{"count":18,"href":"https:\/\/novesiacup.com\/index.php\/wp-json\/wp\/v2\/pages\/959\/revisions"}],"predecessor-version":[{"id":1052,"href":"https:\/\/novesiacup.com\/index.php\/wp-json\/wp\/v2\/pages\/959\/revisions\/1052"}],"up":[{"embeddable":true,"href":"https:\/\/novesiacup.com\/index.php\/wp-json\/wp\/v2\/pages\/922"}],"wp:attachment":[{"href":"https:\/\/novesiacup.com\/index.php\/wp-json\/wp\/v2\/media?parent=959"}],"curies":[{"name":"wp","href":"https:\/\/api.w.org\/{rel}","templated":true}]}}