{"id":922,"date":"2019-05-23T18:31:54","date_gmt":"2019-05-23T16:31:54","guid":{"rendered":"http:\/\/novesiacup.com\/?page_id=922"},"modified":"2019-08-23T12:10:50","modified_gmt":"2019-08-23T10:10:50","slug":"novesia-cup-2019","status":"publish","type":"page","link":"https:\/\/novesiacup.com\/index.php\/novesia-cup-2019\/","title":{"rendered":"Novesia Cup 2019"},"content":{"rendered":"<p>In der <strong>20. Auflage<\/strong> findet in Neuss das\u00a0Traditionsturnier <strong>Novesia Cup<\/strong> statt. Dieses Jugendturnier z\u00e4hlt zu den bekannten und bei den Top-Vereinen des In- und Auslandes sehr beliebten Veranstaltungen.<\/p>\n<p><img loading=\"lazy\" decoding=\"async\" class=\"alignleft size-full wp-image-1102\" src=\"http:\/\/novesiacup.com\/wp-content\/uploads\/2019\/05\/plakat2019.jpg\" alt=\"\" width=\"1100\" height=\"1550\" srcset=\"https:\/\/novesiacup.com\/wp-content\/uploads\/2019\/05\/plakat2019.jpg 1100w, https:\/\/novesiacup.com\/wp-content\/uploads\/2019\/05\/plakat2019-213x300.jpg 213w, https:\/\/novesiacup.com\/wp-content\/uploads\/2019\/05\/plakat2019-768x1082.jpg 768w, https:\/\/novesiacup.com\/wp-content\/uploads\/2019\/05\/plakat2019-727x1024.jpg 727w\" sizes=\"auto, (max-width: 1100px) 100vw, 1100px\" \/><\/p>\n<p>&nbsp;<\/p>\n<p>&nbsp;<\/p>\n<p><strong>Die teilnehmenden Teams:<br \/>\n<\/strong><\/p>\n<ul>\n<li><a href=\"http:\/\/novesiacup.com\/index.php\/novesia-cup-2019\/legia-warschau\/\">Legia Warschau<\/a><\/li>\n<li><a href=\"http:\/\/novesiacup.com\/index.php\/novesia-cup-2019\/royal-antwerpen-fc\/\">Royal Antwerpen FC<\/a><\/li>\n<li><a href=\"http:\/\/novesiacup.com\/index.php\/novesia-cup-2019\/borussia-moenchengladbach\/\">Borussia M\u00f6nchengladbach<\/a><\/li>\n<li><a href=\"http:\/\/novesiacup.com\/index.php\/novesia-cup-2019\/schalke-04\/\">Schalke 04<\/a><\/li>\n<li><a href=\"http:\/\/novesiacup.com\/index.php\/novesia-cup-2019\/1-fc-koeln\/\">1.FC K\u00f6ln<\/a><\/li>\n<li><a href=\"http:\/\/novesiacup.com\/index.php\/novesia-cup-2019\/eintracht-frankfurt\/\">Eintracht Frankfurt<\/a><\/li>\n<li><a href=\"http:\/\/novesiacup.com\/index.php\/novesia-cup-2019\/fortuna-duesseldorf\/\">Fortuna D\u00fcsseldorf<\/a><\/li>\n<li><a href=\"http:\/\/novesiacup.com\/index.php\/novesia-cup-2019\/die-stadtauswahl-neuss\/\">Stadtauswahl Neuss<\/a><\/li>\n<\/ul>\n<p>&nbsp;<\/p>\n<p>&nbsp;<\/p>\n<h2>Anfahrt<\/h2>\n<p><strong>Ludwig-Wolker-Anlage<\/strong>, Jean-Pullen- Weg, 41464 Neuss (Pomona)<\/p>\n<p><iframe loading=\"lazy\" style=\"border: 0;\" src=\"https:\/\/www.google.com\/maps\/embed?pb=!1m18!1m12!1m3!1d2501.017238210237!2d6.69414997502168!3d51.181905202910656!2m3!1f0!2f0!3f0!3m2!1i1024!2i768!4f13.1!3m3!1m2!1s0x47b8b51bf8146c3f%3A0x1d3a3d093e3d1a0!2sDJK+Rheinkraft+Neuss+III!5e0!3m2!1sde!2sde!4v1500540605462\" width=\"600\" height=\"450\" frameborder=\"0\" allowfullscreen=\"allowfullscreen\"><\/iframe><\/p>\n<p>&nbsp;<\/p>\n<h2>Spielplan<\/h2>\n<p><a href=\"http:\/\/www.novesiacup.com\/downloads\/NovesiaCup2019SpielplanA4.pdf\" target=\"_blank\" rel=\"noopener\">Druckversion downloaden<\/a><\/p>\n<p><img loading=\"lazy\" decoding=\"async\" class=\"alignleft wp-image-954 size-full\" src=\"http:\/\/novesiacup.com\/wp-content\/uploads\/2019\/05\/spielplan2019.jpg\" alt=\"\" width=\"800\" height=\"1130\" srcset=\"https:\/\/novesiacup.com\/wp-content\/uploads\/2019\/05\/spielplan2019.jpg 800w, https:\/\/novesiacup.com\/wp-content\/uploads\/2019\/05\/spielplan2019-212x300.jpg 212w, https:\/\/novesiacup.com\/wp-content\/uploads\/2019\/05\/spielplan2019-768x1085.jpg 768w, https:\/\/novesiacup.com\/wp-content\/uploads\/2019\/05\/spielplan2019-725x1024.jpg 725w\" sizes=\"auto, (max-width: 800px) 100vw, 800px\" \/><\/p>\n<p>&nbsp;<\/p>\n<h2><\/h2>\n<p>&nbsp;<\/p>\n<h2><span style=\"font-family: Arial, sans-serif;\"><b>Turnierbestimmungen<\/b><\/span><span style=\"font-family: Arial, sans-serif;\"><br \/>\n<\/span><\/h2>\n<p>&nbsp;<\/p>\n<ul>\n<li style=\"list-style-type: none;\">\n<ol>\n<li>Alle Spiele unterliegen den Regeln des DFB. Gespielt wird \u00fcber den ganzen Platz mit normal gro\u00dfen Toren.<\/li>\n<li>Die Spiele werden von Schiedsrichtern des Kreises Neuss\/Grevenbroich (Fussballkreis 5) geleitet. Sie werden von Linienrichtern assistiert.<\/li>\n<li>Spielerlisten mit einem g\u00fcltigen Pass sind vor Turnierbeginn bei der Turnierleitung zu hinterlegen. Insgesamt k\u00f6nnen bis zu 22 Spieler eingetragen werden. Gespielt wird mit 10 Feldspielern und einem Torwart. Die Wechsel erfolgen in H\u00f6he der Mittellinie. Ein Wechsel ist nur w\u00e4hrend einer Spielunterbrechung m\u00f6glich.<\/li>\n<li>Spielberechtigt sind alle Spieler, die in 2006 geboren sind (und j\u00fcnger).<\/li>\n<li>Die von den Schiedsrichtern getroffenen Entscheidungen sind bindend. Bei einem Streit in Bezug auf die Organisation entscheidet die Turnierleitung.<\/li>\n<li>Die Spieldauer betr\u00e4gt 1 x 25 Minuten ohne Wechsel.<\/li>\n<li>Es wird in zwei Gruppen zu vier Mannschaften gespielt. Die Pl\u00e4tze 1 bis 2 der beiden Gruppen spielen ein Halbfinale um den Einzug in das Endspiel. Die Pl\u00e4tze 3 bis 4 spielen ein Halbfinale um das Erreichen des Spiels um Platz 5.\u00a0Wenn zwei Mannschaften gleich viele Punkte haben, entscheidet die Tordifferenz (die Zahl der geschossenen Tore minus die Zahl der kassierten Tore). Wenn die Tordifferenz gleich ist, ist die Zahl der geschossenen Tore entscheidend. Gibt es dann noch keine Entscheidung, kommt es zum Elfmeterschiessen. Jede Mannschaft hat 5 Elfmeter, die\u00a0durch 5 verschiedene Spieler ausgef\u00fchrt werden. Sollte nach dieser Serie kein Sieger feststehen, wird von den restlichen Spielern der Mannschaft jeweils ein Strafsto\u00df ausgef\u00fchrt, bis eine Entscheidung gefallen ist.<\/li>\n<li>Eine Zeitstrafe betr\u00e4gt 5 Minuten. Erh\u00e4lt ein Spieler die rote Karte (Platzverweis), dann ist er f\u00fcr den restlichen Turnierverlauf gesperrt.<\/li>\n<li>Die teilnehmende Vereine werden gebeten, ein Ersatztrikot oder Leibchen bereit zu halten.<\/li>\n<\/ol>\n<\/li>\n<\/ul>\n","protected":false},"excerpt":{"rendered":"<p>In der 20. Auflage findet in Neuss das\u00a0Traditionsturnier Novesia Cup statt. Dieses Jugendturnier z\u00e4hlt zu den bekannten und bei den Top-Vereinen des In- und Auslandes sehr beliebten Veranstaltungen. &nbsp; &nbsp; &#8230;<\/p>\n","protected":false},"author":1,"featured_media":0,"parent":0,"menu_order":0,"comment_status":"closed","ping_status":"closed","template":"","meta":{"_monsterinsights_skip_tracking":false,"_monsterinsights_sitenote_active":false,"_monsterinsights_sitenote_note":"","_monsterinsights_sitenote_category":0,"footnotes":""},"class_list":["post-922","page","type-page","status-publish","hentry"],"_links":{"self":[{"href":"https:\/\/novesiacup.com\/index.php\/wp-json\/wp\/v2\/pages\/922","targetHints":{"allow":["GET"]}}],"collection":[{"href":"https:\/\/novesiacup.com\/index.php\/wp-json\/wp\/v2\/pages"}],"about":[{"href":"https:\/\/novesiacup.com\/index.php\/wp-json\/wp\/v2\/types\/page"}],"author":[{"embeddable":true,"href":"https:\/\/novesiacup.com\/index.php\/wp-json\/wp\/v2\/users\/1"}],"replies":[{"embeddable":true,"href":"https:\/\/novesiacup.com\/index.php\/wp-json\/wp\/v2\/comments?post=922"}],"version-history":[{"count":15,"href":"https:\/\/novesiacup.com\/index.php\/wp-json\/wp\/v2\/pages\/922\/revisions"}],"predecessor-version":[{"id":1103,"href":"https:\/\/novesiacup.com\/index.php\/wp-json\/wp\/v2\/pages\/922\/revisions\/1103"}],"wp:attachment":[{"href":"https:\/\/novesiacup.com\/index.php\/wp-json\/wp\/v2\/media?parent=922"}],"curies":[{"name":"wp","href":"https:\/\/api.w.org\/{rel}","templated":true}]}}