{"id":777,"date":"2018-08-21T23:29:39","date_gmt":"2018-08-21T21:29:39","guid":{"rendered":"http:\/\/novesiacup.com\/?page_id=777"},"modified":"2018-08-22T11:09:57","modified_gmt":"2018-08-22T09:09:57","slug":"bayer-04-leverkusen","status":"publish","type":"page","link":"https:\/\/novesiacup.com\/index.php\/isr-novesia-cup-2018\/bayer-04-leverkusen\/","title":{"rendered":"Bayer 04 Leverkusen"},"content":{"rendered":"<p><em><strong><img loading=\"lazy\" decoding=\"async\" class=\"alignleft size-large wp-image-779\" src=\"http:\/\/novesiacup.com\/wp-content\/uploads\/2018\/08\/header2018_leverkusen-1024x655.jpg\" alt=\"\" width=\"800\" height=\"512\" srcset=\"https:\/\/novesiacup.com\/wp-content\/uploads\/2018\/08\/header2018_leverkusen-1024x655.jpg 1024w, https:\/\/novesiacup.com\/wp-content\/uploads\/2018\/08\/header2018_leverkusen-300x192.jpg 300w, https:\/\/novesiacup.com\/wp-content\/uploads\/2018\/08\/header2018_leverkusen-768x492.jpg 768w, https:\/\/novesiacup.com\/wp-content\/uploads\/2018\/08\/header2018_leverkusen.jpg 1200w\" sizes=\"auto, (max-width: 800px) 100vw, 800px\" \/>Bayer 04 Leverkusen Jahrgang 2005 Saison 2017\/2018<\/strong><\/em><\/p>\n<p>&nbsp;<\/p>\n<h2><\/h2>\n<h2>Immer eine Herausforderung f\u00fcr alle Teams<\/h2>\n<p><strong>Leverkusen<\/strong> entstand in Nachbarschaft zu <strong>K\u00f6ln<\/strong> erst aus dem Zusammenschluss der damaligen Stadt <strong>Wiesdorf<\/strong> mit den Gemeinden <strong>Schlebusch<\/strong>, <strong>Steinb\u00fcchel<\/strong> und <strong>Rheindorf<\/strong>. Den Namen gab die Fabriksiedlung am Rhein, die <strong>Dr. Carl Leverkus<\/strong> gegr\u00fcndet hat und durch <strong>Bayer<\/strong> weltbekannt wurde. Aus dem \u201ealten\u201c <strong>Leverkusen<\/strong> wurde die moderne Stadt mit ca. <strong>160.000 Einwohnern<\/strong>.\u00a0Folgerichtig entstand <strong>Bayer 04 Leverkusen<\/strong> zun\u00e4chst als Betriebssportverein. Seitdem hat der Verein eine rasante positive Entwicklung genommen. <strong>Bayer 04<\/strong> ist heute aus der ersten Liga nicht mehr wegzudenken, wo er seit <strong>1979<\/strong> ununterbrochen spielt. Auch Titel gab es schon mehrfach zu feiern: <strong>1988<\/strong> gewann der Verein den <strong>UEFA-Pokal<\/strong> und <strong>1993<\/strong> den <strong>DFB-Pokal<\/strong>. <strong>2002<\/strong> stand <strong>Bayer Leverkusen<\/strong> im Finale der <strong>Champions League<\/strong>. Und dorthin m\u00f6chte man erneut. In der letzten <strong>Saison 2017\/2018<\/strong> mischte <strong>Bayer 04<\/strong> immer In der Spitzengruppe mit. Letztendlich reichte es zur Teilnahme an der <strong>Europa League 2018<\/strong>.<\/p>\n<p>Der Stellenwert der Jugendabteilung im Verein <strong>Bayer 04 Leverkusen<\/strong> ist sehr hoch. Sonderma\u00dfnahmen der Juniorenabteilung (nationale und internationale Turniere und Vergleiche, Auslandsreisen, etc.) werden ebenso unterst\u00fctzt, wie konzeptionelle Ideen. Um die Verzahnung der einzelnen Abteilungen noch zu verbessern und die vielen Perspektivspieler noch gezielter zu f\u00f6rdern, arbeiten inzwischen zahlreiche ehemalige Profis in der Nachwuchsf\u00f6rderung. Mit der aktuellen Verpflichtung von <strong>Simon Rolfes<\/strong>, eine der pr\u00e4gendsten Figuren der j\u00fcngeren Vereinsgeschichte, setzt <strong>Bayer 04<\/strong> auf eine konsequente Weiterentwicklung der Nachwuchsarbeit. Er wird die neue Position <strong>\u201eLeiter Jugend und Entwicklung\u201c<\/strong> einnehmen. Das ist eine Fortsetzung einer Personalpolitik, die mit der Einbindung von <strong>Stefan Kie\u00dfling<\/strong> begonnen wurde. Der Verein m\u00f6chte noch st\u00e4rker aus selbst ausgebildeten Talenten gestandene Profis f\u00fcr die erste Mannschaft machen. Dieser Weg ist nicht einfach, aber lohnenswert &#8211; auch finanziell.<\/p>\n<p>So kann es kaum verwundern, dass die Jugendmannschaften immer wieder gr\u00f6\u00dfere Erfolge erzielen. Auch der<strong> Jahrgang 2005<\/strong> hat in der abgelaufenen NRW-Nachwuchsrunde wieder eine gute Rolle gespielt. Zwar belegte die Mannschaft in der Nachwuchsrunde einen Rang hinter der <strong>Borussia aus M\u00f6nchengladbach<\/strong>, aber die Begegnungen selbst konnte <strong>Bayer<\/strong> jeweils f\u00fcr sich entscheiden. Das betrifft auch die Spiele gegen den Bundesligarivalen <strong>Fortuna D\u00fcsseldorf<\/strong>. Ohnehin ist <strong>Bayer 04<\/strong> hinter <strong>Borussia M\u00f6nchengladbach<\/strong> der Rekordgewinner des Turniers. Bei der letzten Teilnahme konnte <strong>Bayer 04<\/strong> erneut das Endspiel gegen <strong>Besiktas Istanbul<\/strong> erreichen. Dieses ging nach zun\u00e4chst \u00fcberlegen gef\u00fchrtem Spiel dann doch verloren. Die Entwicklung der heutigen Turniermannschaft und das traditionell besonders ausgepr\u00e4gte Spielverm\u00f6gen macht <strong>Bayer 04<\/strong> beim<strong> Novesia Cup 2018<\/strong> erneut zu einem Mitfavoriten auf den Pokalerfolg.<\/p>\n<p>Beim <strong>Novesia Cup 2018<\/strong> trifft <strong>Bayer 04<\/strong> auf die Mannschaften von <strong>Hannover 96<\/strong>, <strong>Borussia M\u00f6nchengladbach<\/strong> und die <strong>Stadtauswahl Neuss<\/strong>.<\/p>\n<p>&nbsp;<\/p>\n<p><a href=\"https:\/\/www.auto-wolters.de\" target=\"_blank\" rel=\"noopener\"><img loading=\"lazy\" decoding=\"async\" class=\"alignleft wp-image-802 size-large\" src=\"http:\/\/novesiacup.com\/wp-content\/uploads\/2018\/08\/anzeige2018_wolters-731x1024.jpg\" alt=\"\" width=\"731\" height=\"1024\" srcset=\"https:\/\/novesiacup.com\/wp-content\/uploads\/2018\/08\/anzeige2018_wolters-731x1024.jpg 731w, https:\/\/novesiacup.com\/wp-content\/uploads\/2018\/08\/anzeige2018_wolters-214x300.jpg 214w, https:\/\/novesiacup.com\/wp-content\/uploads\/2018\/08\/anzeige2018_wolters-768x1075.jpg 768w, https:\/\/novesiacup.com\/wp-content\/uploads\/2018\/08\/anzeige2018_wolters.jpg 1000w\" sizes=\"auto, (max-width: 731px) 100vw, 731px\" \/><\/a><\/p>\n","protected":false},"excerpt":{"rendered":"<p>Bayer 04 Leverkusen Jahrgang 2005 Saison 2017\/2018 &nbsp; Immer eine Herausforderung f\u00fcr alle Teams Leverkusen entstand in Nachbarschaft zu K\u00f6ln erst aus dem Zusammenschluss der damaligen Stadt Wiesdorf mit den &#8230;<\/p>\n","protected":false},"author":1,"featured_media":0,"parent":690,"menu_order":0,"comment_status":"closed","ping_status":"closed","template":"","meta":{"_monsterinsights_skip_tracking":false,"_monsterinsights_sitenote_active":false,"_monsterinsights_sitenote_note":"","_monsterinsights_sitenote_category":0,"footnotes":""},"class_list":["post-777","page","type-page","status-publish","hentry"],"_links":{"self":[{"href":"https:\/\/novesiacup.com\/index.php\/wp-json\/wp\/v2\/pages\/777","targetHints":{"allow":["GET"]}}],"collection":[{"href":"https:\/\/novesiacup.com\/index.php\/wp-json\/wp\/v2\/pages"}],"about":[{"href":"https:\/\/novesiacup.com\/index.php\/wp-json\/wp\/v2\/types\/page"}],"author":[{"embeddable":true,"href":"https:\/\/novesiacup.com\/index.php\/wp-json\/wp\/v2\/users\/1"}],"replies":[{"embeddable":true,"href":"https:\/\/novesiacup.com\/index.php\/wp-json\/wp\/v2\/comments?post=777"}],"version-history":[{"count":5,"href":"https:\/\/novesiacup.com\/index.php\/wp-json\/wp\/v2\/pages\/777\/revisions"}],"predecessor-version":[{"id":857,"href":"https:\/\/novesiacup.com\/index.php\/wp-json\/wp\/v2\/pages\/777\/revisions\/857"}],"up":[{"embeddable":true,"href":"https:\/\/novesiacup.com\/index.php\/wp-json\/wp\/v2\/pages\/690"}],"wp:attachment":[{"href":"https:\/\/novesiacup.com\/index.php\/wp-json\/wp\/v2\/media?parent=777"}],"curies":[{"name":"wp","href":"https:\/\/api.w.org\/{rel}","templated":true}]}}