{"id":771,"date":"2018-08-21T23:48:57","date_gmt":"2018-08-21T21:48:57","guid":{"rendered":"http:\/\/novesiacup.com\/?page_id=771"},"modified":"2018-08-22T10:48:41","modified_gmt":"2018-08-22T08:48:41","slug":"royal-antwerpen-fc","status":"publish","type":"page","link":"https:\/\/novesiacup.com\/index.php\/isr-novesia-cup-2018\/royal-antwerpen-fc\/","title":{"rendered":"Royal Antwerpen FC"},"content":{"rendered":"<p><em><strong><img loading=\"lazy\" decoding=\"async\" class=\"alignleft size-large wp-image-772\" src=\"http:\/\/novesiacup.com\/wp-content\/uploads\/2018\/08\/header2018_antwerpen-1024x494.jpg\" alt=\"\" width=\"800\" height=\"386\" srcset=\"https:\/\/novesiacup.com\/wp-content\/uploads\/2018\/08\/header2018_antwerpen-1024x494.jpg 1024w, https:\/\/novesiacup.com\/wp-content\/uploads\/2018\/08\/header2018_antwerpen-300x145.jpg 300w, https:\/\/novesiacup.com\/wp-content\/uploads\/2018\/08\/header2018_antwerpen-768x371.jpg 768w, https:\/\/novesiacup.com\/wp-content\/uploads\/2018\/08\/header2018_antwerpen.jpg 1200w\" sizes=\"auto, (max-width: 800px) 100vw, 800px\" \/>FC Antwerpen Jahrgang 2005 Saison 2017\/2018<\/strong><\/em><\/p>\n<p>&nbsp;<\/p>\n<h2>Royal Antwerpen setzt sich hohe Ziele<\/h2>\n<p><strong>Antwerpen <\/strong>liegt an der Schelde, knapp 90\u00a0km vor ihrer M\u00fcndung in die <strong>Nordsee<\/strong>. Die Stadt grenzt an die <strong>Niederlande<\/strong>. Der Name <strong>Andauerpa<\/strong> weist auf die aufgeworfenen Ufer (Warften) an der <strong>Scheldebucht<\/strong> (\u201ean de warp\u201c) hin. Dort lebten die ersten Siedler. Dank des Hafens und des Tuchhandels wurde <strong>Antwerpen<\/strong> fr\u00fch ein f\u00fchrender Handelsplatz. Im <strong>16. Jahrhundert<\/strong> war die Stadt die reichste Handelsstadt <strong>Europas<\/strong>. Durch die darauf folgenden Kriege (<strong>Habsburger <\/strong>gegen die <strong>Niederlande<\/strong>) folgte ein langer Niedergang, der Mitte des <strong>19. Jahrhunderts<\/strong> mit der Zugeh\u00f6rigkeit zum neuen Staat <strong>Belgien<\/strong> beendet wurde. Es folgte ein neuer Aufschwung als belgische Hafenstadt. Eine besondere Verbindung zu <strong>Neuss<\/strong> bestand zur Zeit <strong>Napoleons<\/strong> durch den Bau des <strong>Nordkanals<\/strong>. Der sollte in der Vollendung \u00fcber die <strong>Maas<\/strong> bis nach <strong>Antwerpen<\/strong> gef\u00fchrt werden. Seit Jahrhunderten gilt <strong>Antwerpen<\/strong> als wichtigster Diamantenhandelsplatz der Welt. Insgesamt haben sich etwa 1600 Diamantenfirmen in Antwerpen angesiedelt. Dank des historischen Stadtkerns mit den vielen Baudenkmalen seit dem Mittelalter ist <strong>Antwerpen<\/strong> heute auch ein wichtiges Ziel von Touristen.<\/p>\n<p>Auf eine sehr lange Geschichte, Tradition und Erfolge kann auch der Fu\u00dfballverein <strong>FC Royal Antwerpen<\/strong> zur\u00fcckblicken. Der Verein wurde bereits <strong>1880<\/strong> gegr\u00fcndet und ist somit der <strong>\u00e4lteste Fu\u00dfballverein Belgiens<\/strong>, was ihm den Spitznamen <strong>&#8222;The Great Old&#8220;<\/strong> einbrachte. <strong>Antwerpen<\/strong> wurde vier mal <strong>belgischer Meister<\/strong> und zwei mal <strong>belgischer Pokalsieger<\/strong>. <strong>1993<\/strong> erreichte <strong>Royal Antwerpen FC<\/strong> das Endspiel um den <strong>Europapokal der Pokalsieger<\/strong>. Das Finale verloren die Antwerpener allerdings gegen den <strong>AC Parma<\/strong> mit 1:3. Dennoch ist <strong>Royal Antwerpen FC<\/strong> der letzte belgische Verein, der ein Finale um einen europ\u00e4ischen Wettbewerb erreichen konnte. Das h\u00e4ngt sicher auch damit zusammen, dass die besten belgischen Fu\u00dfballspieler aktuell in ausl\u00e4ndischen TOP-Vereinen spielen. So hat <strong>Royal Antwerpen<\/strong> viele Jahre mit <strong>Manchester United<\/strong>\u00a0zusammengearbeitet. So sammelten junge, meist nicht-europ\u00e4ische Talente zun\u00e4chst Spielpraxis bei <strong>Royal Antwerpen<\/strong>. Ein Zeugnis der hohen Spielkultur hat die <strong>belgische Nationalmannschaft<\/strong> gerade bei der <strong>WM<\/strong> in <strong>Russland<\/strong> abgelegt. Der Weltmeistertitel war greifbar nach. In der abgelaufenen <strong>Saison 2017\/2018<\/strong> belegte der viermalige belgische Meister einen guten Mittelplatz.<\/p>\n<p>&nbsp;<\/p>\n<p><a href=\"https:\/\/www.neusserbauverein.de\/\" target=\"_blank\" rel=\"noopener\"><img loading=\"lazy\" decoding=\"async\" class=\"aligncenter wp-image-817 size-full\" src=\"http:\/\/novesiacup.com\/wp-content\/uploads\/2018\/08\/anzeige2018_bauverein.jpg\" alt=\"\" width=\"450\" height=\"375\" srcset=\"https:\/\/novesiacup.com\/wp-content\/uploads\/2018\/08\/anzeige2018_bauverein.jpg 450w, https:\/\/novesiacup.com\/wp-content\/uploads\/2018\/08\/anzeige2018_bauverein-300x250.jpg 300w\" sizes=\"auto, (max-width: 450px) 100vw, 450px\" \/><\/a><\/p>\n<p>&nbsp;<\/p>\n<p>Mit der neu gegr\u00fcndeten <strong>Royal Antwerp Fu\u00dfballakademie<\/strong> hat sich der Verein sehr hohe Ziele gesetzt. Hinsichtlich der Ziele und Aufgaben unterscheidet sich die Akademie kaum von den <strong>Nachwuchsleistungszentren<\/strong> der deutschen Bundesligavereinen. Das bezieht sich nicht nur auf die sportliche Ausbildung, sondern es wird in besonderem Ma\u00dfe auch auf eine gute pers\u00f6nliche Entwicklung Wert gelegt &#8211; hierzu z\u00e4hlt auch die Schulausbildung.<\/p>\n<p>Sportlich liegt die Me\u00dflatte sehr hoch. Die einzelnen Jugend-Teams sollen in absehbarer Zeit zu den besten des Landes z\u00e4hlen. Einen Eckpfeiler in der Planung bildet die <strong>U14<\/strong> Mannschaft, die am <strong>Novesia Cup<\/strong> teilnimmt. Die Jugendabteilung ist noch einmal zweigeteilt in einen Bereich Junior bis zu einem Alter von 14 Jahren und einen Bereich Senior. Dort haben die sog. <strong>Diamonds<\/strong>, das sind die Toptalente im Alter von 16 bis 19 Jahren, die besten Aussichten f\u00fcr eine Karriere als Profifu\u00dfballer. Hierf\u00fcr strebt der <strong>FC Antwerpen<\/strong> eine 90 prozentige Garantie an.<\/p>\n<p>Das heutige<strong> U14<\/strong> Team hat in der letzten Saison mehrere bemerkenswerte Ergebnisse erzielt. Das <strong>Rabobank Top Turnier<\/strong> war ein besonderer Erfolg. Die <strong>U14<\/strong> erreichte das Finale nach Siegen \u00fcber <strong>Sankt Pauli<\/strong>, <strong>Ado Den Haag<\/strong> and <strong>Bohemians Prague<\/strong>. Lediglich der <strong>HSV<\/strong> war dann eine zu gro\u00dfe H\u00fcrde. Mal sehen wie der <strong>Royal Antwerpen FC<\/strong> die H\u00fcrden aus <strong>D\u00fcsseldorf<\/strong>, <strong>Frankfurt<\/strong> und <strong>Rheinkreis Neuss<\/strong> nimmt.<\/p>\n","protected":false},"excerpt":{"rendered":"<p>FC Antwerpen Jahrgang 2005 Saison 2017\/2018 &nbsp; Royal Antwerpen setzt sich hohe Ziele Antwerpen liegt an der Schelde, knapp 90\u00a0km vor ihrer M\u00fcndung in die Nordsee. Die Stadt grenzt an &#8230;<\/p>\n","protected":false},"author":1,"featured_media":0,"parent":690,"menu_order":0,"comment_status":"closed","ping_status":"closed","template":"","meta":{"_monsterinsights_skip_tracking":false,"_monsterinsights_sitenote_active":false,"_monsterinsights_sitenote_note":"","_monsterinsights_sitenote_category":0,"footnotes":""},"class_list":["post-771","page","type-page","status-publish","hentry"],"_links":{"self":[{"href":"https:\/\/novesiacup.com\/index.php\/wp-json\/wp\/v2\/pages\/771","targetHints":{"allow":["GET"]}}],"collection":[{"href":"https:\/\/novesiacup.com\/index.php\/wp-json\/wp\/v2\/pages"}],"about":[{"href":"https:\/\/novesiacup.com\/index.php\/wp-json\/wp\/v2\/types\/page"}],"author":[{"embeddable":true,"href":"https:\/\/novesiacup.com\/index.php\/wp-json\/wp\/v2\/users\/1"}],"replies":[{"embeddable":true,"href":"https:\/\/novesiacup.com\/index.php\/wp-json\/wp\/v2\/comments?post=771"}],"version-history":[{"count":8,"href":"https:\/\/novesiacup.com\/index.php\/wp-json\/wp\/v2\/pages\/771\/revisions"}],"predecessor-version":[{"id":853,"href":"https:\/\/novesiacup.com\/index.php\/wp-json\/wp\/v2\/pages\/771\/revisions\/853"}],"up":[{"embeddable":true,"href":"https:\/\/novesiacup.com\/index.php\/wp-json\/wp\/v2\/pages\/690"}],"wp:attachment":[{"href":"https:\/\/novesiacup.com\/index.php\/wp-json\/wp\/v2\/media?parent=771"}],"curies":[{"name":"wp","href":"https:\/\/api.w.org\/{rel}","templated":true}]}}