{"id":762,"date":"2018-08-21T23:34:43","date_gmt":"2018-08-21T21:34:43","guid":{"rendered":"http:\/\/novesiacup.com\/?page_id=762"},"modified":"2018-08-22T11:15:28","modified_gmt":"2018-08-22T09:15:28","slug":"eintracht-frankfurt","status":"publish","type":"page","link":"https:\/\/novesiacup.com\/index.php\/isr-novesia-cup-2018\/eintracht-frankfurt\/","title":{"rendered":"Eintracht Frankfurt"},"content":{"rendered":"<p><em><strong><img loading=\"lazy\" decoding=\"async\" class=\"alignleft size-large wp-image-763\" src=\"http:\/\/novesiacup.com\/wp-content\/uploads\/2018\/08\/header2018_frankfurt-1024x525.jpg\" alt=\"\" width=\"800\" height=\"410\" srcset=\"https:\/\/novesiacup.com\/wp-content\/uploads\/2018\/08\/header2018_frankfurt-1024x525.jpg 1024w, https:\/\/novesiacup.com\/wp-content\/uploads\/2018\/08\/header2018_frankfurt-300x154.jpg 300w, https:\/\/novesiacup.com\/wp-content\/uploads\/2018\/08\/header2018_frankfurt-768x394.jpg 768w, https:\/\/novesiacup.com\/wp-content\/uploads\/2018\/08\/header2018_frankfurt.jpg 1200w\" sizes=\"auto, (max-width: 800px) 100vw, 800px\" \/>Eintracht Frankfurt Jahrgang 2005 Saison 2017\/2018<\/strong><\/em><\/p>\n<p>&nbsp;<\/p>\n<h2>Die U14 des DFB-Pokalsiegers m\u00f6chte \u00fcberraschen<\/h2>\n<p>Die Stadt <strong>Frankfurt<\/strong> mit ihren fast <strong>750.000 Einwohnern<\/strong> liegt auf beiden Seiten des Untermains s\u00fcd\u00f6stlich des Taunus. Bereits seit dem Mittelalter z\u00e4hlt <strong>Frankfurt<\/strong> zu den bedeutenden st\u00e4dtischen Zentren Deutschlands. Im <strong>14. Jahrhundert<\/strong> wurde <strong>Frankfurt<\/strong> Freie Reichsstadt und sp\u00e4ter auch Kr\u00f6nungsstadt der r\u00f6misch-deutschen Kaiser. Leider sind durch sp\u00e4tere Kriege und Zerst\u00f6rung nur wenige bauliche Zeitzeugen \u00fcbrig geblieben. Einiges konnte restauriert werden, so z.B. der <strong>R\u00f6merberg<\/strong> mit den alten Fassaden oder auch mehrere T\u00fcrme. Dank der raschen Industrialisierung und Dank seiner zentralen Lage ist <strong>Frankfurt<\/strong> ein europ\u00e4ischer Verkehrsknotenpunkt. Heute ist <strong>Frankfurt<\/strong> zudem nicht nur ein bedeutendes Industriezentrum, sondern noch mehr z\u00e4hlt der Dienstleistungsbereich. Die Stadt hat sich zu einem sehr bedeutenden internationalen Finanzplatz entwickelt. <strong>Frankfurt<\/strong> beheimatet die <strong>Europ\u00e4ischen Zentralbank<\/strong>, die <strong>Deutsche Bundesbank<\/strong>, die <strong>Frankfurter Wertpapierb\u00f6rse<\/strong> und weitere Finanzinstitute. Aber auch der <strong>DFB<\/strong> hat in <strong>Frankfurt<\/strong> seinen Sitz.<\/p>\n<p>Die<strong> Eintracht aus Frankfurt<\/strong> z\u00e4hlt zu den gro\u00dfen Traditionsvereinen im deutschen Fu\u00dfball. Gegr\u00fcndet wurde die <strong>Eintracht<\/strong>, die inzwischen <strong>55.000 Mitglieder<\/strong> z\u00e4hlt, schon <strong>1899<\/strong>. In ihrer Geschichte hat die <strong>Eintracht<\/strong> schon viele Titel gewonnen. Zumindest bis Mitte der <strong>1990er<\/strong> Jahre. Seither hatte die <strong>Eintracht<\/strong> immer wieder mit R\u00fcckschl\u00e4gen zu k\u00e4mpfen. Die letzte <strong>Meisterschaft<\/strong> (<strong>1959<\/strong>) liegt zwar viele Jahre zur\u00fcck, aber im <strong>DFB-Pokal<\/strong> konnte die <strong>Eintracht<\/strong> immer wieder bemerkenswerte Erfolge erzielen. <strong>1964, 2006, 2017<\/strong> war die <strong>Eintracht<\/strong> <strong>Pokalfinalist<\/strong> und <strong>1974, 1975, 1981, 1988 Pokalsieger<\/strong>. An den letzten Erfolg mit dem <strong>Pokalsieg 2018<\/strong> gegen die <strong>Bayern<\/strong> d\u00fcrften sich noch alle Fu\u00dfballanh\u00e4nger erinnern. In der <strong>Bundesligasaison 2017\/2018<\/strong> war die <strong>Frankfurter Eintracht<\/strong> lange Zeit ein hei\u00dfer Anw\u00e4rter auf die Internationalen Startpl\u00e4tze der laufenden Saison. Aber aufgrund einer Niederlagenserie zum Saisonende wurde die direkte Qualifikation f\u00fcr die <strong>Europa League<\/strong> noch verspielt. Mit 49 Punkten belegte die Mannschaft in der <strong>Bundesliga<\/strong> <strong>Platz 8<\/strong>. Aber durch den \u00fcberraschenden Sieg im <strong>DFB Pokalendspiel<\/strong> konnte diese Entt\u00e4uschung mehr als kompensiert werden und die <strong>Europapokalteilnahme<\/strong> doch noch realisiert werden.<\/p>\n<p>Die <strong>Eintracht<\/strong> betreibt bereits seit <strong>2002<\/strong> eine Fu\u00dfballschule, die von Legende <strong>Karl-Heinz \u201eCharly\u201c K\u00f6rbel<\/strong> initiiert wurde. Mit der Fertigstellung des Neubaus auf dem Vereinsgel\u00e4nde am <strong>Frankfurter Riederwald<\/strong> im <strong>Herbst 2010<\/strong> wurde die Infrastruktur des Leistungszentrums erheblich verbessert. Heute spielen alle Jugendmannschaften von <strong>Eintracht Frankfurt<\/strong> bis zur <strong>U19<\/strong> in den h\u00f6chst m\u00f6glichen Ligen. Das <strong>Nachwuchsleistungszentrum<\/strong> hat bei Pr\u00fcfungen mehrfach die h\u00f6chste Auszeichnung erhalten. Der Jahrgang <strong>2005<\/strong> der <strong>Eintracht<\/strong> bestreitet keine Pflichtspiele, sondern misst sich in Freundschaftsspielen mit anderen Nachwuchsleistungszentren und bei Turnieren. Hier wurden allerdings sehr gute Ergebnisse erzielt. Z.B. gegen <strong>Luxemburg<\/strong> (3:2), gegen die <strong>Fortuna<\/strong> (3:3) und die <strong>Stuttgarter Kickers<\/strong> (5:4).<\/p>\n<p>Am <strong>Novesia Cup<\/strong> in <strong>Neuss<\/strong> nimmt die <strong>Eintracht<\/strong> erstmals teil. In der Vorrunde warten die Mannschaften von <strong>Royal Antwerpen<\/strong> und <strong>Fortuna D\u00fcsseldorf<\/strong> sowie der<strong> DFB St\u00fctzpunkt<\/strong>.<\/p>\n<p>&nbsp;<\/p>\n<p><a href=\"https:\/\/gwg-neuss.de\/\" target=\"_blank\" rel=\"noopener\"><img loading=\"lazy\" decoding=\"async\" class=\"alignleft wp-image-806 size-large\" src=\"http:\/\/novesiacup.com\/wp-content\/uploads\/2018\/08\/anzeige2018_gwg-722x1024.jpg\" alt=\"\" width=\"722\" height=\"1024\" srcset=\"https:\/\/novesiacup.com\/wp-content\/uploads\/2018\/08\/anzeige2018_gwg-722x1024.jpg 722w, https:\/\/novesiacup.com\/wp-content\/uploads\/2018\/08\/anzeige2018_gwg-211x300.jpg 211w, https:\/\/novesiacup.com\/wp-content\/uploads\/2018\/08\/anzeige2018_gwg-768x1090.jpg 768w, https:\/\/novesiacup.com\/wp-content\/uploads\/2018\/08\/anzeige2018_gwg.jpg 1000w\" sizes=\"auto, (max-width: 722px) 100vw, 722px\" \/><\/a><\/p>\n<p>&nbsp;<\/p>\n","protected":false},"excerpt":{"rendered":"<p>Eintracht Frankfurt Jahrgang 2005 Saison 2017\/2018 &nbsp; Die U14 des DFB-Pokalsiegers m\u00f6chte \u00fcberraschen Die Stadt Frankfurt mit ihren fast 750.000 Einwohnern liegt auf beiden Seiten des Untermains s\u00fcd\u00f6stlich des Taunus. &#8230;<\/p>\n","protected":false},"author":1,"featured_media":0,"parent":690,"menu_order":0,"comment_status":"closed","ping_status":"closed","template":"","meta":{"_monsterinsights_skip_tracking":false,"_monsterinsights_sitenote_active":false,"_monsterinsights_sitenote_note":"","_monsterinsights_sitenote_category":0,"footnotes":""},"class_list":["post-762","page","type-page","status-publish","hentry"],"_links":{"self":[{"href":"https:\/\/novesiacup.com\/index.php\/wp-json\/wp\/v2\/pages\/762","targetHints":{"allow":["GET"]}}],"collection":[{"href":"https:\/\/novesiacup.com\/index.php\/wp-json\/wp\/v2\/pages"}],"about":[{"href":"https:\/\/novesiacup.com\/index.php\/wp-json\/wp\/v2\/types\/page"}],"author":[{"embeddable":true,"href":"https:\/\/novesiacup.com\/index.php\/wp-json\/wp\/v2\/users\/1"}],"replies":[{"embeddable":true,"href":"https:\/\/novesiacup.com\/index.php\/wp-json\/wp\/v2\/comments?post=762"}],"version-history":[{"count":6,"href":"https:\/\/novesiacup.com\/index.php\/wp-json\/wp\/v2\/pages\/762\/revisions"}],"predecessor-version":[{"id":863,"href":"https:\/\/novesiacup.com\/index.php\/wp-json\/wp\/v2\/pages\/762\/revisions\/863"}],"up":[{"embeddable":true,"href":"https:\/\/novesiacup.com\/index.php\/wp-json\/wp\/v2\/pages\/690"}],"wp:attachment":[{"href":"https:\/\/novesiacup.com\/index.php\/wp-json\/wp\/v2\/media?parent=762"}],"curies":[{"name":"wp","href":"https:\/\/api.w.org\/{rel}","templated":true}]}}