{"id":755,"date":"2018-08-21T23:19:13","date_gmt":"2018-08-21T21:19:13","guid":{"rendered":"http:\/\/novesiacup.com\/?page_id=755"},"modified":"2018-08-22T10:52:06","modified_gmt":"2018-08-22T08:52:06","slug":"fortuna-duesseldorf","status":"publish","type":"page","link":"https:\/\/novesiacup.com\/index.php\/isr-novesia-cup-2018\/fortuna-duesseldorf\/","title":{"rendered":"Fortuna D\u00fcsseldorf"},"content":{"rendered":"<p><img loading=\"lazy\" decoding=\"async\" class=\"alignleft wp-image-757 size-large\" src=\"http:\/\/novesiacup.com\/wp-content\/uploads\/2018\/08\/header2018_duesseldorf-1024x617.jpg\" alt=\"\" width=\"800\" height=\"482\" srcset=\"https:\/\/novesiacup.com\/wp-content\/uploads\/2018\/08\/header2018_duesseldorf-1024x617.jpg 1024w, https:\/\/novesiacup.com\/wp-content\/uploads\/2018\/08\/header2018_duesseldorf-300x181.jpg 300w, https:\/\/novesiacup.com\/wp-content\/uploads\/2018\/08\/header2018_duesseldorf-768x463.jpg 768w, https:\/\/novesiacup.com\/wp-content\/uploads\/2018\/08\/header2018_duesseldorf.jpg 1200w\" sizes=\"auto, (max-width: 800px) 100vw, 800px\" \/><em><strong>Die Fortuna, Jahrgang 2005 in der Saison 2017\/2018<\/strong><\/em><\/p>\n<p>&nbsp;<\/p>\n<h2><\/h2>\n<h2>Neuer Anlauf in der Bundesliga<\/h2>\n<p><strong>D\u00fcsseldorf<\/strong> liegt in unmittelbarer Nachbarschaft zu <strong>Neuss<\/strong>, und doch verlief die Entwicklung der beiden St\u00e4dte sehr unterschiedlich. Eine Aussage, die auch auf den Fu\u00dfball zutrifft. W\u00e4hrend <strong>Neuss<\/strong> eine alte R\u00f6merstadt war, wurde <strong>D\u00fcsseldorf<\/strong> erstmals im Jahr 1288 erw\u00e4hnt. Danach erlebte die Stadt einen rasanten Aufschwung bis zur Ernennung zur Landeshauptstadt. <strong>D\u00fcsseldorf<\/strong> wurde mehr und mehr eine Stadt der Unternehmensverwaltungen, eben zum <strong>\u201eSchreibtisch des Ruhrgebiets\u201c<\/strong>. Aber nicht nur im Verwaltungsbereich hat <strong>D\u00fcsseldorf<\/strong> einiges zu bieten. Die D\u00fcsseldorfer Altstadt ist die <strong>\u201el\u00e4ngste Theke der Welt\u201c<\/strong>. Auch das Brauchtum mit Karneval und Sch\u00fctzenfest hat eine lange Tradition. Und nicht zuletzt die <strong>Fortuna<\/strong>.<\/p>\n<p>Etwas zu feiern gab es bei den Profis der Fortuna im letzten Jahrzehnt eher selten. Aber in der <strong>Saison 2017\/2018<\/strong> war alles anders. Mit einer stark ver\u00e4nderten Mannschaft und einem neuen Trainerteam hat der Verein den erneuten Aufstieg in die <strong>erste Liga<\/strong> geschafft. Auch eine Belohnung f\u00fcr die vielen Fans, die unersch\u00fctterlich immer an die <strong>Fortuna<\/strong> geglaubt haben. Traditionell geh\u00f6rt die <strong>Fortuna<\/strong> auch dort hin, denn der Verein war bereits <strong>Deutscher Meister<\/strong> und spielte eine sehr lange Zeit in der h\u00f6chsten deutschen Fu\u00dfballklasse. Die <strong>Fortuna<\/strong> gewann zweimal den<strong> DFB-Pokal<\/strong> (1979 und 1980) und schaffte es 1979 bis ins Finale des <strong>Europapokals der Pokalsieger<\/strong>. <strong>Barcelona<\/strong> gewann erst nach Verl\u00e4ngerung der Partie. Bei der <strong>Fortuna<\/strong> haben auch zahlreiche Kicker aus <strong>Neuss<\/strong> die Fu\u00dfballstiefel geschn\u00fcrt. Zu den bekanntesten z\u00e4hlen sicherlich <strong>Robert Begerau<\/strong> und \u201eSch\u00e4del\u201c <strong>G\u00fcnther Thiele<\/strong>, der mit unvergessenen Kopfballtoren nicht nur die D\u00fcsseldorfer Fans begeisterte. Auch der aktuelle Trainer <strong>Friedhelm Funkel<\/strong> hatte eine lange Fu\u00dfballvergangenheit in <strong>Neuss<\/strong>.<\/p>\n<p>Viele Jahre bestimmten die <strong>D\u00fcsseldorfer<\/strong> mit <strong>M\u00f6nchengladbach<\/strong> und <strong>Uerdingen<\/strong> den Jugendfu\u00dfball am Niederrhein. Nur selten wurden die Meister von anderen Vereinen gestellt. <strong>Bayer Uerdingen<\/strong> ist bem\u00fcht, im Jugendfu\u00dfball wieder Anschluss zu finden, wohingegen die <strong>Fortuna<\/strong> l\u00e4ngst an die alten Erfolge ankn\u00fcpfen konnte. Auch dank des Nachwuchsleistungszentrums des Vereins, welches in diesem Jahr die h\u00f6chste Auszeichnung in der Bewertung erhielt. Die diesj\u00e4hrige Turniermannschaft (Jahrgang 2005) der <strong>Fortuna<\/strong> spielte auch in der letzten Saison in der der <strong>NRW-Bundesliga-Nachwuchsrunde<\/strong>.<br \/>\nMan konnte dort manche Erfolge erzielen. Zwar waren die Partien gegen die Wettbewerber um den <strong>Novesia Cup<\/strong> aus <strong>M\u00f6nchengladbach<\/strong> und <strong>Leverkusen<\/strong> weniger erfolgreich, aber gegen andere hoch gehandelte Vertreter der Nachwuchsrunde konnte man sich oft schadlos halten.<\/p>\n<p>Die bisherigen Auftritte beim Neusser Turnier waren durchaus respektabel, aber das Endspiel konnte die <strong>Fortuna<\/strong> bisher bei keiner Teilnahme erreichen. Auch in diesem Jahr d\u00fcrften die Aufgaben f\u00fcr die <strong>Fortuna<\/strong> nicht leicht werden, aber doch l\u00f6sbar. Beim <strong>Cup 2018<\/strong> spielt die <strong>Fortuna<\/strong> in der Vorrunde gegen <strong>Antwerpen<\/strong>, <strong>Frankfurt<\/strong> und den <strong>Rheinkreis<\/strong>.<\/p>\n<p>&nbsp;<\/p>\n<p><a href=\"https:\/\/www.optiker-ritters.de\/\" target=\"_blank\" rel=\"noopener\"><img loading=\"lazy\" decoding=\"async\" class=\"alignleft wp-image-792 size-large\" src=\"http:\/\/novesiacup.com\/wp-content\/uploads\/2018\/08\/anzeige2018_ritters-709x1024.jpg\" alt=\"\" width=\"709\" height=\"1024\" srcset=\"https:\/\/novesiacup.com\/wp-content\/uploads\/2018\/08\/anzeige2018_ritters-709x1024.jpg 709w, https:\/\/novesiacup.com\/wp-content\/uploads\/2018\/08\/anzeige2018_ritters-208x300.jpg 208w, https:\/\/novesiacup.com\/wp-content\/uploads\/2018\/08\/anzeige2018_ritters-768x1109.jpg 768w, https:\/\/novesiacup.com\/wp-content\/uploads\/2018\/08\/anzeige2018_ritters.jpg 1064w\" sizes=\"auto, (max-width: 709px) 100vw, 709px\" \/><\/a><\/p>\n","protected":false},"excerpt":{"rendered":"<p>Die Fortuna, Jahrgang 2005 in der Saison 2017\/2018 &nbsp; Neuer Anlauf in der Bundesliga D\u00fcsseldorf liegt in unmittelbarer Nachbarschaft zu Neuss, und doch verlief die Entwicklung der beiden St\u00e4dte sehr &#8230;<\/p>\n","protected":false},"author":1,"featured_media":0,"parent":690,"menu_order":0,"comment_status":"closed","ping_status":"closed","template":"","meta":{"_monsterinsights_skip_tracking":false,"_monsterinsights_sitenote_active":false,"_monsterinsights_sitenote_note":"","_monsterinsights_sitenote_category":0,"footnotes":""},"class_list":["post-755","page","type-page","status-publish","hentry"],"_links":{"self":[{"href":"https:\/\/novesiacup.com\/index.php\/wp-json\/wp\/v2\/pages\/755","targetHints":{"allow":["GET"]}}],"collection":[{"href":"https:\/\/novesiacup.com\/index.php\/wp-json\/wp\/v2\/pages"}],"about":[{"href":"https:\/\/novesiacup.com\/index.php\/wp-json\/wp\/v2\/types\/page"}],"author":[{"embeddable":true,"href":"https:\/\/novesiacup.com\/index.php\/wp-json\/wp\/v2\/users\/1"}],"replies":[{"embeddable":true,"href":"https:\/\/novesiacup.com\/index.php\/wp-json\/wp\/v2\/comments?post=755"}],"version-history":[{"count":13,"href":"https:\/\/novesiacup.com\/index.php\/wp-json\/wp\/v2\/pages\/755\/revisions"}],"predecessor-version":[{"id":856,"href":"https:\/\/novesiacup.com\/index.php\/wp-json\/wp\/v2\/pages\/755\/revisions\/856"}],"up":[{"embeddable":true,"href":"https:\/\/novesiacup.com\/index.php\/wp-json\/wp\/v2\/pages\/690"}],"wp:attachment":[{"href":"https:\/\/novesiacup.com\/index.php\/wp-json\/wp\/v2\/media?parent=755"}],"curies":[{"name":"wp","href":"https:\/\/api.w.org\/{rel}","templated":true}]}}