{"id":734,"date":"2018-08-22T00:04:32","date_gmt":"2018-08-21T22:04:32","guid":{"rendered":"http:\/\/novesiacup.com\/?page_id=734"},"modified":"2018-08-22T11:36:58","modified_gmt":"2018-08-22T09:36:58","slug":"dfb-stuetzpunkt-grevenbroich-neuss","status":"publish","type":"page","link":"https:\/\/novesiacup.com\/index.php\/isr-novesia-cup-2018\/dfb-stuetzpunkt-grevenbroich-neuss\/","title":{"rendered":"DFB St\u00fctzpunkt Grevenbroich-Neuss"},"content":{"rendered":"<p>&nbsp;<\/p>\n<p><img loading=\"lazy\" decoding=\"async\" class=\"alignleft wp-image-735 size-large\" src=\"http:\/\/novesiacup.com\/wp-content\/uploads\/2018\/08\/header2018_rheinkreis-1024x639.jpg\" alt=\"\" width=\"800\" height=\"499\" srcset=\"https:\/\/novesiacup.com\/wp-content\/uploads\/2018\/08\/header2018_rheinkreis-1024x639.jpg 1024w, https:\/\/novesiacup.com\/wp-content\/uploads\/2018\/08\/header2018_rheinkreis-300x187.jpg 300w, https:\/\/novesiacup.com\/wp-content\/uploads\/2018\/08\/header2018_rheinkreis-768x479.jpg 768w, https:\/\/novesiacup.com\/wp-content\/uploads\/2018\/08\/header2018_rheinkreis-480x300.jpg 480w, https:\/\/novesiacup.com\/wp-content\/uploads\/2018\/08\/header2018_rheinkreis-640x400.jpg 640w, https:\/\/novesiacup.com\/wp-content\/uploads\/2018\/08\/header2018_rheinkreis.jpg 1200w\" sizes=\"auto, (max-width: 800px) 100vw, 800px\" \/><\/p>\n<p><em><strong>Die U 14 des DFB-St\u00fctzpunktes Grevenbroich \u2013 Neuss 2018<\/strong><\/em><\/p>\n<p>&nbsp;<\/p>\n<h2>Fu\u00dfball unter anderen Vorzeichen<\/h2>\n<p>Im Rahmen des<strong> Deutschen Fu\u00dfballbundes<\/strong> findet in jedem Fu\u00dfballkreis eine spezifische F\u00f6rderung von Talenten statt. Dieses wird in Form eines sogenannten\u00a0<strong>St\u00fctzpunkttrainings<\/strong> durchgef\u00fchrt. Das Training des <strong>St\u00fctzpunktes Grevenbroich-Neuss <\/strong>fand bislang auf der Sportanlage in<strong> Straberg<\/strong> statt.\u00a0Am <strong>1. August<\/strong> wird der Standort des F\u00f6rderprogramms verlagert. Und zwar von <strong>Straberg<\/strong> nach <strong>Norf<\/strong> in das <strong>Von-Waldhausen-Stadion<\/strong>. Das <strong>DFB-Talentf\u00f6rderprogramm<\/strong> startete mit der Saison 2002\/2003 und hat sich seitdem als erste Stufe der Talentf\u00f6rderung im deutschen Fu\u00dfball fest etabliert.<\/p>\n<p>Das Projekt mit seinen derzeit <strong>366 St\u00fctzpunkten<\/strong> soll quasi die Br\u00fccke zwischen der Jugendarbeit in den Amateurvereinen und den Leistungszentren der Profivereine bilden. Das Zusatztraining und die Sichtung der regionalen Talente werden von ausgebildeten St\u00fctzpunkttrainern durchgef\u00fchrt.\u00a0Der Trainer des Jahrgangs 2005 ist <strong>Peter Ambos<\/strong>.<\/p>\n<p>In starken Vorrundengruppen sind die Teams der <strong>Stadtauswahl <\/strong>wie auch des <strong>DFB-St\u00fctzpunktes Grevenbroich-Neuss<\/strong> gewillt, so manchem Favoriten das Leben so schwer wie m\u00f6glich zu machen. Denn auch gute Ergebnisse gegen ausgewiesen starke Mannschaften z\u00e4hlen. So oder so, die jungen Spieler der <strong>Stadtauswahl<\/strong> und auch der <strong>Kreisauswahl<\/strong> (DFB St\u00fctzpunkt) werden von diesen Begegnungen viel Positives, vor allem f\u00fcr viele Jahre Motivation mitnehmen. Auch einige Spielergebnisse der j\u00fcngsten Vergangenheit machen durchaus Hoffnung.<\/p>\n<p>Die Auswahl des <strong>DFB-St\u00fctzpunktes Grevenbroich-Neuss<\/strong> wird u.a. von den Vereinen V<strong>dS Nievenheim<\/strong>, <strong>SC Kapellen<\/strong>, <strong>SVG Neuss-Weissenberg<\/strong> gestellt. Beim Turnier bekommt es der St\u00fctzpunkt mit den Neulingen aus <strong>Antwerpen<\/strong> und <strong>Frankfurt<\/strong> zu tun. Besonders interessant wird auch das Spiel gegen die <strong>Fortuna<\/strong> aus <strong>D\u00fcsseldorf<\/strong> werden.<\/p>\n<p>&nbsp;<\/p>\n<p><a href=\"https:\/\/medicoreha.de\/medicoreha\/\" target=\"_blank\" rel=\"noopener\"><img loading=\"lazy\" decoding=\"async\" class=\"aligncenter wp-image-870 size-full\" src=\"http:\/\/novesiacup.com\/wp-content\/uploads\/2018\/08\/anzeige2018_medicoreha.jpg\" alt=\"\" width=\"1000\" height=\"345\" srcset=\"https:\/\/novesiacup.com\/wp-content\/uploads\/2018\/08\/anzeige2018_medicoreha.jpg 1000w, https:\/\/novesiacup.com\/wp-content\/uploads\/2018\/08\/anzeige2018_medicoreha-300x104.jpg 300w, https:\/\/novesiacup.com\/wp-content\/uploads\/2018\/08\/anzeige2018_medicoreha-768x265.jpg 768w\" sizes=\"auto, (max-width: 1000px) 100vw, 1000px\" \/><\/a><\/p>\n","protected":false},"excerpt":{"rendered":"<p>&nbsp; Die U 14 des DFB-St\u00fctzpunktes Grevenbroich \u2013 Neuss 2018 &nbsp; Fu\u00dfball unter anderen Vorzeichen Im Rahmen des Deutschen Fu\u00dfballbundes findet in jedem Fu\u00dfballkreis eine spezifische F\u00f6rderung von Talenten statt. &#8230;<\/p>\n","protected":false},"author":1,"featured_media":0,"parent":690,"menu_order":0,"comment_status":"closed","ping_status":"closed","template":"","meta":{"_monsterinsights_skip_tracking":false,"_monsterinsights_sitenote_active":false,"_monsterinsights_sitenote_note":"","_monsterinsights_sitenote_category":0,"footnotes":""},"class_list":["post-734","page","type-page","status-publish","hentry"],"_links":{"self":[{"href":"https:\/\/novesiacup.com\/index.php\/wp-json\/wp\/v2\/pages\/734","targetHints":{"allow":["GET"]}}],"collection":[{"href":"https:\/\/novesiacup.com\/index.php\/wp-json\/wp\/v2\/pages"}],"about":[{"href":"https:\/\/novesiacup.com\/index.php\/wp-json\/wp\/v2\/types\/page"}],"author":[{"embeddable":true,"href":"https:\/\/novesiacup.com\/index.php\/wp-json\/wp\/v2\/users\/1"}],"replies":[{"embeddable":true,"href":"https:\/\/novesiacup.com\/index.php\/wp-json\/wp\/v2\/comments?post=734"}],"version-history":[{"count":18,"href":"https:\/\/novesiacup.com\/index.php\/wp-json\/wp\/v2\/pages\/734\/revisions"}],"predecessor-version":[{"id":872,"href":"https:\/\/novesiacup.com\/index.php\/wp-json\/wp\/v2\/pages\/734\/revisions\/872"}],"up":[{"embeddable":true,"href":"https:\/\/novesiacup.com\/index.php\/wp-json\/wp\/v2\/pages\/690"}],"wp:attachment":[{"href":"https:\/\/novesiacup.com\/index.php\/wp-json\/wp\/v2\/media?parent=734"}],"curies":[{"name":"wp","href":"https:\/\/api.w.org\/{rel}","templated":true}]}}