{"id":713,"date":"2018-08-21T23:55:11","date_gmt":"2018-08-21T21:55:11","guid":{"rendered":"http:\/\/novesiacup.com\/?page_id=713"},"modified":"2018-08-24T14:31:27","modified_gmt":"2018-08-24T12:31:27","slug":"die-stadtauswahl-neuss","status":"publish","type":"page","link":"https:\/\/novesiacup.com\/index.php\/isr-novesia-cup-2018\/die-stadtauswahl-neuss\/","title":{"rendered":"Die Stadtauswahl Neuss"},"content":{"rendered":"<p><img loading=\"lazy\" decoding=\"async\" class=\"alignleft wp-image-715 size-large\" src=\"http:\/\/novesiacup.com\/wp-content\/uploads\/2018\/08\/header2018_stadtauswahl_neuss-1024x674.jpg\" alt=\"\" width=\"800\" height=\"527\" srcset=\"https:\/\/novesiacup.com\/wp-content\/uploads\/2018\/08\/header2018_stadtauswahl_neuss-1024x674.jpg 1024w, https:\/\/novesiacup.com\/wp-content\/uploads\/2018\/08\/header2018_stadtauswahl_neuss-300x198.jpg 300w, https:\/\/novesiacup.com\/wp-content\/uploads\/2018\/08\/header2018_stadtauswahl_neuss-768x506.jpg 768w, https:\/\/novesiacup.com\/wp-content\/uploads\/2018\/08\/header2018_stadtauswahl_neuss.jpg 1200w\" sizes=\"auto, (max-width: 800px) 100vw, 800px\" \/><\/p>\n<p><strong><em><span style=\"font-family: Arial, sans-serif;\">Das Team der Neusser Stadtauswahl Jahrgang 2005 <\/span><\/em><\/strong><\/p>\n<p>&nbsp;<\/p>\n<h2>Eine ehemalige Fu\u00dfballhochburg sucht L\u00f6sungen<\/h2>\n<p>Einst noch eine \u201eFu\u00dfballhochburg\u201c und eine Quelle von sp\u00e4teren Fu\u00dfballprofis hat die <strong>Stadt Neuss<\/strong> im Fu\u00dfball heute einen gro\u00dfen Nachholbedarf. Dabei gibt es auch in <strong>Neuss<\/strong> sehr viele Talente. Die gilt es zu sichten und zu f\u00f6rdern.<\/p>\n<p>Die Bildung einer <strong>Stadtauswahl<\/strong> und die Teilnahme am <strong>Novesia Cup<\/strong> stellt eine erste wesentliche Ma\u00dfnahme f\u00fcr den <strong>Fu\u00dfball in Neuss<\/strong> dar. Das regelm\u00e4\u00dfige Training und Spiele mit Mannschaften aus h\u00f6herklassigen Vereinen ist ein wichtiger Schritt in die richtige Richtung. Das gilt f\u00fcr die <strong>Neusser Stadtauswahl<\/strong> ebenso wie f\u00fcr den <strong>DFB St\u00fctzpunkt Grevenbroich-Neuss<\/strong>\u00a0im <strong>Rheinkreis Neuss<\/strong>.<\/p>\n<p>Die <strong>Stadtauswahl Neuss<\/strong> nahm in der <strong>Saison 2017\/2018<\/strong> bereits an mehreren Turnieren in anderen Bundesl\u00e4ndern teil (siehe \u201e<strong>Wenn ein Koffer reden k\u00f6nnte<\/strong>\u201c weiter unten). Aber die H\u00f6hepunkte der Saison stellen nat\u00fcrlich immer die Spiele der Auswahl beim <strong>Novesia Cup<\/strong> im heimischen <strong>Neuss<\/strong> dar. Erwartungsgem\u00e4\u00df wachsen da die B\u00e4ume sowohl f\u00fcr die <strong>Stadtauswahl<\/strong> wie auch f\u00fcr den <strong>St\u00fctzpunkt<\/strong> \u201enicht in den Himmel\u201c, aber bei den Auftritten in den vergangenen Jahren und den regelm\u00e4\u00dfigen Teilnahmen hat sich die <strong>Auswahl Neuss<\/strong> immer recht teuer verkauft. Der St\u00fctzpunkt war dagegen seltener Teilnehmer des Cups.\u00a0Aber umso gespannter darf man auf den Vergleich mit den Besten der Profivereine sein.<\/p>\n<p>Die zahlreichen Fu\u00dfballvereine im Gro\u00dfraum <strong>Neuss<\/strong> profitieren in ihrer Jugendarbeit sehr von den F\u00f6rderungen der Spieler in der <strong>Stadtauswahl<\/strong> und beim <strong>St\u00fctzpunkttraining<\/strong>. Damit ist aber keineswegs automatisch auch ein Aufstieg in h\u00f6here Klassen verbunden. In <strong>Neuss<\/strong> fehlt derzeit ein Ankerverein mit h\u00f6herklassigen Mannschaften bei den Herren, aber auch in den Juniorenligen, der die besonderen Talente aufnehmen und gemeinsam in noch h\u00f6here Ligen f\u00fchren k\u00f6nnte.\u00a0In <strong>Neuss<\/strong> bleibt den Supertalenten nach ihrer Juniorenzeit zwangsweise nur die Auswanderung in die umliegenden St\u00e4dte, die h\u00f6herklassige Vereine und Mannschaften beheimaten.<\/p>\n<p>Wie schwer jedoch ein Weg erneut nach ganz oben ist, zeigen die vielen Traditionsvereine in <strong>Deutschland<\/strong>, die einst in der <strong>Bundesliga<\/strong> waren und nun ihr Dasein in der viertklassigen <strong>Regionalliga<\/strong> oder sogar noch tiefer fristen m\u00fcssen. Erforderlich sind f\u00fcr den Weg nach oben potente Sponsoren, eine hervorragende Unterst\u00fctzung der Stadt, nat\u00fcrlich Gl\u00fcck und ein gewisses Ma\u00df an Egoismus.<\/p>\n<p>Aber gerade auch die <strong>Neusser Stadtauswahl<\/strong> hat \u00fcber sehr viele Jahre gezeigt, dass das Spielen in den h\u00f6chsten Klassen f\u00fcr einige Toptalente zwar erstrebenswert ist, aber auch andere Werte durch den Fu\u00dfballsport vermittelt werden, die den Vereinssport so reizvoll machen. Die Spiele gegen <strong>Leverkusen<\/strong>, <strong>Hannover<\/strong> und <strong>M\u00f6nchengladbach<\/strong> stellen jedenfalls weitere Highlights f\u00fcr die jungen Neusser Sportler dar.<\/p>\n<p>&nbsp;<\/p>\n<h3>Die Spieler der Stadtauswahl<\/h3>\n<p><strong>DJK Novesia:<\/strong> Tobias Wilke, Finn Klewitz, Tammo Freese, Sebastian Menck, Finley Schorn, Fabian Bonn<\/p>\n<p><strong> PSV Neuss:<\/strong> Torben Reinert<\/p>\n<p><strong>SV Rosellen:<\/strong> Finn Breitkopf, Leon Bem, Patrick Dietz<\/p>\n<p><strong>DJK Rheinkraft Neuss:<\/strong> Jan Philipp R\u00f6der<\/p>\n<p><strong>SVG Wei\u00dfenberg:<\/strong> Leon Termkolli<\/p>\n<p><strong>DJK Germania Hoisten:<\/strong> Muriz Muric<\/p>\n<p><strong>SF B\u00fcttgen Vorst:<\/strong> Felix Zapatka<\/p>\n<p><strong>SG Kaarst:\u00a0<\/strong>Max Mirgeler, Lukas Mpoutous-Garcias, Markus Meinert, Yannick Thieme, Tim Derendorf<\/p>\n<p>&nbsp;<\/p>\n<p><img loading=\"lazy\" decoding=\"async\" class=\"aligncenter size-full wp-image-880\" src=\"http:\/\/novesiacup.com\/wp-content\/uploads\/2018\/08\/anzeige2018_bema.jpg\" alt=\"\" width=\"1000\" height=\"640\" srcset=\"https:\/\/novesiacup.com\/wp-content\/uploads\/2018\/08\/anzeige2018_bema.jpg 1000w, https:\/\/novesiacup.com\/wp-content\/uploads\/2018\/08\/anzeige2018_bema-300x192.jpg 300w, https:\/\/novesiacup.com\/wp-content\/uploads\/2018\/08\/anzeige2018_bema-768x492.jpg 768w\" sizes=\"auto, (max-width: 1000px) 100vw, 1000px\" \/><\/p>\n<p>&nbsp;<\/p>\n<h2><\/h2>\n<h2>Wenn ein Koffer reden k\u00f6nnte<\/h2>\n<p>Vor rund 20 Jahren durfte der Koffer erstmals auf Reisen gehen. Inhalt: Die Trikots der damaligen <strong>C-<\/strong><strong>Juniorenauswahl<\/strong> der <strong>Stadt Neuss<\/strong>. Die ersten erfolgreichen Reisen gingen noch brav ins <strong>Emsland<\/strong> und nach <strong>Ostfriesland<\/strong>. Sp\u00e4ter lagen die Ziele schon entfernter. In <strong>Belgien<\/strong>, <strong>Antwerpen<\/strong> und in <strong>Tschechien<\/strong> <strong>Prag<\/strong>. Mehrfach leistete der Koffer bei Turnieren im s\u00fcdfranz\u00f6sischen <strong>Meze<\/strong> in der N\u00e4he der Hafenstadt <strong>Sete<\/strong> gute Dienste. Die weiteste und abenteuerlichste Reise machte der Koffer nach <strong>St. Denise<\/strong> auf der Insel <strong>Reunion<\/strong> im Indischen Ozean. Und immer zogen die Reisen erlebnisreiche und sehr freundschaftlich gepr\u00e4gte Gegenbesuche nach sich. Das war auch der Ansporn und Motivation f\u00fcr den Organisator des<strong> Novesia Cups<\/strong>, der ja gleichzeitig der Trainer der Auswahl war, das Turnier immer sehr international zu gestalten.<\/p>\n<p>Nach 20 Jahren ist der Koffer immer noch aktiv, denn die aktuelle <strong>C-Juniorenstadtauswahl<\/strong> hat mit Trainer <strong>Peter Gummersbach<\/strong> die sehr sch\u00f6ne Tradition der Stadtauswahl fortgesetzt. Durch die Turnier-Umstellung auf den Jahrgang 2014 konnte <strong>H.P. Gummersbach<\/strong> nach einer zweij\u00e4hrigen gemeinschaftlichen Vorbereitung die Turniermannschaft 2018 bilden. Voraussetzung: Keiner der ausgew\u00e4hlten Spieler durfte der <strong>Kreisauswahl<\/strong> angeh\u00f6ren, die ja auch ihre Visitenkarte beim <strong>Novesia Cup<\/strong> im September abgibt.<\/p>\n<p><img loading=\"lazy\" decoding=\"async\" class=\"wp-image-732 size-large\" src=\"http:\/\/novesiacup.com\/wp-content\/uploads\/2018\/08\/header2018_einkoffer-2-1024x569.jpg\" alt=\" \" width=\"800\" height=\"445\" srcset=\"https:\/\/novesiacup.com\/wp-content\/uploads\/2018\/08\/header2018_einkoffer-2-1024x569.jpg 1024w, https:\/\/novesiacup.com\/wp-content\/uploads\/2018\/08\/header2018_einkoffer-2-300x167.jpg 300w, https:\/\/novesiacup.com\/wp-content\/uploads\/2018\/08\/header2018_einkoffer-2-768x427.jpg 768w, https:\/\/novesiacup.com\/wp-content\/uploads\/2018\/08\/header2018_einkoffer-2.jpg 1200w\" sizes=\"auto, (max-width: 800px) 100vw, 800px\" \/><\/p>\n<p>Die Vorbereitung wurde erlebnisreich gestaltet. Testspiele gegen <strong>Bayer Uerdingen<\/strong>, <strong>MSV Duisburg<\/strong> und <strong>Alemannia Aachen<\/strong> verliefen eng, wenn auch letztendlich nicht erfolgreich. Die Vorbereitungsspiele waren dann aber doch in 2017 f\u00fcr das gute Abschneiden bei sehr gut besetzten Turnieren in <strong>Berlin<\/strong> und in <strong>Maastricht<\/strong> ausschlaggebend. Beim mehrt\u00e4tigen Osterturnier von <strong>Tennis Borussia Berlin<\/strong> waren die Jahrg\u00e4nge 2005 zahlreicher renommierter Vereine aus dem Osten Deutschlands vertreten. Die <strong>Neusser<\/strong> Fu\u00dfballvertretung erreichte die Goldrunde und schloss das Turnier letztendlich mit Rang 5 ab. Pfingsten reiste der Koffer dann nach <strong>Maastricht<\/strong> zum Internationalen Turnier von <strong>VV De Heeg<\/strong>. Nach einem epischen Elfmeterschie\u00dfen mit insgesamt 26 Sch\u00fctzen erreichte die Mannschaft Rang 4.<\/p>\n<p>In 2018 ging die Reise dann wieder zu einem Pfingstturnier nach <strong>Berlin<\/strong>. Diesmal war der <strong>FC Nordost Berlin<\/strong> der Ausrichter. Und wieder erreichte man die Goldrunde. Der Trainer sprach mit Begeisterung vom Erlebnis in <strong>Berlin<\/strong> und vom Zusammenhalt der Jungs und der gesamten Elternschaft. Auch das ist ein wesentliches Element des Fu\u00dfballs.<\/p>\n<p>In der zweiten H\u00e4lfte der Sommerferien wird Trainer <strong>Peter Gummersbach<\/strong> seine Mannschaft auf ihr Highlight in <strong>Neuss<\/strong> vorbereiten. Die Jungs der <strong>DJK Novesia<\/strong>, des <strong>PSV Neuss<\/strong>, des <strong>SV Rosellen<\/strong>, der <strong>DJK Rheinkraft Neuss<\/strong>, der <strong>SVG Wei\u00dfenberg<\/strong>, der <strong>DJK Germania Hoisten<\/strong>, der <strong>SF Vorst<\/strong> und der <strong>SG Kaarst<\/strong> werden mit gro\u00dfer Motivation die besonderen Gegner beim <strong>Novesia Cup<\/strong> erwarten. Und da kommt der \u201everdienstvolle\u201c Koffer erneut zum Einsatz.<\/p>\n","protected":false},"excerpt":{"rendered":"<p>Das Team der Neusser Stadtauswahl Jahrgang 2005 &nbsp; Eine ehemalige Fu\u00dfballhochburg sucht L\u00f6sungen Einst noch eine \u201eFu\u00dfballhochburg\u201c und eine Quelle von sp\u00e4teren Fu\u00dfballprofis hat die Stadt Neuss im Fu\u00dfball heute &#8230;<\/p>\n","protected":false},"author":1,"featured_media":0,"parent":690,"menu_order":0,"comment_status":"closed","ping_status":"closed","template":"","meta":{"_monsterinsights_skip_tracking":false,"_monsterinsights_sitenote_active":false,"_monsterinsights_sitenote_note":"","_monsterinsights_sitenote_category":0,"footnotes":""},"class_list":["post-713","page","type-page","status-publish","hentry"],"_links":{"self":[{"href":"https:\/\/novesiacup.com\/index.php\/wp-json\/wp\/v2\/pages\/713","targetHints":{"allow":["GET"]}}],"collection":[{"href":"https:\/\/novesiacup.com\/index.php\/wp-json\/wp\/v2\/pages"}],"about":[{"href":"https:\/\/novesiacup.com\/index.php\/wp-json\/wp\/v2\/types\/page"}],"author":[{"embeddable":true,"href":"https:\/\/novesiacup.com\/index.php\/wp-json\/wp\/v2\/users\/1"}],"replies":[{"embeddable":true,"href":"https:\/\/novesiacup.com\/index.php\/wp-json\/wp\/v2\/comments?post=713"}],"version-history":[{"count":20,"href":"https:\/\/novesiacup.com\/index.php\/wp-json\/wp\/v2\/pages\/713\/revisions"}],"predecessor-version":[{"id":882,"href":"https:\/\/novesiacup.com\/index.php\/wp-json\/wp\/v2\/pages\/713\/revisions\/882"}],"up":[{"embeddable":true,"href":"https:\/\/novesiacup.com\/index.php\/wp-json\/wp\/v2\/pages\/690"}],"wp:attachment":[{"href":"https:\/\/novesiacup.com\/index.php\/wp-json\/wp\/v2\/media?parent=713"}],"curies":[{"name":"wp","href":"https:\/\/api.w.org\/{rel}","templated":true}]}}