{"id":690,"date":"2018-07-04T15:31:30","date_gmt":"2018-07-04T13:31:30","guid":{"rendered":"http:\/\/novesiacup.com\/?page_id=690"},"modified":"2018-09-01T15:22:08","modified_gmt":"2018-09-01T13:22:08","slug":"isr-novesia-cup-2018","status":"publish","type":"page","link":"https:\/\/novesiacup.com\/index.php\/isr-novesia-cup-2018\/","title":{"rendered":"ISR Novesia Cup 2018"},"content":{"rendered":"<p><img loading=\"lazy\" decoding=\"async\" class=\"alignnone size-large wp-image-257\" src=\"http:\/\/novesiacup.com\/wp-content\/uploads\/2017\/06\/header_2017-1024x371.jpg\" alt=\"\" width=\"800\" height=\"290\" srcset=\"https:\/\/novesiacup.com\/wp-content\/uploads\/2017\/06\/header_2017-1024x371.jpg 1024w, https:\/\/novesiacup.com\/wp-content\/uploads\/2017\/06\/header_2017-300x109.jpg 300w, https:\/\/novesiacup.com\/wp-content\/uploads\/2017\/06\/header_2017-768x279.jpg 768w, https:\/\/novesiacup.com\/wp-content\/uploads\/2017\/06\/header_2017.jpg 1500w\" sizes=\"auto, (max-width: 800px) 100vw, 800px\" \/><\/p>\n<p>In der <strong>19. Auflage<\/strong> findet in Neuss das\u00a0Traditionsturnier <strong>Novesia Cup<\/strong> statt. Dieses Jugendturnier z\u00e4hlt zu den bekannten und bei den Top-Vereinen des In- und Auslandes sehr beliebten Veranstaltungen.<\/p>\n<p>Auch in diesem Jahr nehmen sehr namhafte und leistungsstarke Teams am\u00a0<strong>Novesia Cup<\/strong> teil. Erstmals wird der Wettbewerb in diesem Jahr mit <strong>C Juniorenteams U 14<\/strong> (Jahrgang 2005) ausgetragen.<\/p>\n<p><strong><br \/>\nTeilnehmende Teams:<\/strong><\/p>\n<ul>\n<li><a href=\"http:\/\/novesiacup.com\/index.php\/isr-novesia-cup-2018\/borussia-moenchengladbach\/\"><strong>Borussia M\u00f6nchengladbach<\/strong><\/a><\/li>\n<li><a href=\"http:\/\/novesiacup.com\/index.php\/isr-novesia-cup-2018\/fortuna-duesseldorf\/\"><strong>Fortuna D\u00fcsseldorf<\/strong><\/a><\/li>\n<li><a href=\"http:\/\/novesiacup.com\/index.php\/isr-novesia-cup-2018\/bayer-04-leverkusen\/\" rel=\"noopener\"><strong>Bayer 04 Leverkusen<\/strong><\/a><\/li>\n<li><a href=\"http:\/\/novesiacup.com\/index.php\/isr-novesia-cup-2018\/hannover-96\/\"><strong>Hannover 96<\/strong><\/a><\/li>\n<li><a href=\"http:\/\/novesiacup.com\/index.php\/isr-novesia-cup-2018\/eintracht-frankfurt\/\"><strong>Eintracht Frankfurt<\/strong><\/a><\/li>\n<li><a href=\"http:\/\/novesiacup.com\/index.php\/isr-novesia-cup-2018\/royal-antwerpen-fc\/\"><strong>Royal Antwerpen FC<\/strong><\/a><\/li>\n<li><a href=\"http:\/\/novesiacup.com\/?page_id=713&amp;preview=true\"><strong>Stadtauswahl Neuss<\/strong><\/a><\/li>\n<li><a href=\"http:\/\/novesiacup.com\/index.php\/isr-novesia-cup-2018\/dfb-stuetzpunkt-grevenbroich-neuss\/\"><strong>Auswahl Rheinkreis (DFB)<\/strong><\/a><\/li>\n<\/ul>\n<h2>\u00a0<img loading=\"lazy\" decoding=\"async\" class=\"alignleft size-large wp-image-708\" src=\"http:\/\/novesiacup.com\/wp-content\/uploads\/2017\/06\/NovesiaCup2018SpielplanA4_01-724x1024.jpg\" alt=\"\" width=\"724\" height=\"1024\" srcset=\"https:\/\/novesiacup.com\/wp-content\/uploads\/2017\/06\/NovesiaCup2018SpielplanA4_01-724x1024.jpg 724w, https:\/\/novesiacup.com\/wp-content\/uploads\/2017\/06\/NovesiaCup2018SpielplanA4_01-212x300.jpg 212w, https:\/\/novesiacup.com\/wp-content\/uploads\/2017\/06\/NovesiaCup2018SpielplanA4_01-768x1086.jpg 768w\" sizes=\"auto, (max-width: 724px) 100vw, 724px\" \/><\/h2>\n<p>&nbsp;<\/p>\n<p><a href=\"http:\/\/novesiacup.com\/wp-content\/uploads\/2018\/07\/NovesiaCup2018SpielplanA4.pdf\">Der Spielplan im PDF-Format<\/a><\/p>\n<h2><\/h2>\n<p>&nbsp;<\/p>\n<h2>Anfahrt<\/h2>\n<p><strong>Ludwig-Wolker-Anlage<\/strong>, Jean-Pullen- Weg, 41464 Neuss (Pomona)<\/p>\n<p><iframe loading=\"lazy\" style=\"border: 0;\" src=\"https:\/\/www.google.com\/maps\/embed?pb=!1m18!1m12!1m3!1d2501.017238210237!2d6.69414997502168!3d51.181905202910656!2m3!1f0!2f0!3f0!3m2!1i1024!2i768!4f13.1!3m3!1m2!1s0x47b8b51bf8146c3f%3A0x1d3a3d093e3d1a0!2sDJK+Rheinkraft+Neuss+III!5e0!3m2!1sde!2sde!4v1500540605462\" width=\"600\" height=\"450\" frameborder=\"0\" allowfullscreen=\"allowfullscreen\"><\/iframe><\/p>\n<p>&nbsp;<\/p>\n<h2><\/h2>\n<p>&nbsp;<\/p>\n<h2><span style=\"font-family: Arial, sans-serif;\"><b>Turnierbestimmungen<\/b><\/span><span style=\"font-family: Arial, sans-serif;\"><br \/>\n<\/span><\/h2>\n<p>&nbsp;<\/p>\n<ol>\n<li>Alle Spiele unterliegen den Regeln des DFB. Gespielt wird \u00fcber den ganzen Platz mit normal gro\u00dfen Toren.<\/li>\n<li>Die Spiele werden von Schiedsrichtern des Kreises Neuss\/Grevenbroich (Fussballkreis 5) geleitet. Sie werden von Linienrichtern assistiert.<\/li>\n<li>Spielerlisten mit einem g\u00fcltigen Pass sind vor Turnierbeginn bei der Turnierleitung zu hinterlegen. Insgesamt k\u00f6nnen bis zu 22 Spieler eingetragen werden. Gespielt wird mit 10 Feldspielern und einem Torwart. Die Wechsel erfolgen in H\u00f6he der Mittellinie. Ein Wechsel ist nur w\u00e4hrend einer Spielunterbrechung m\u00f6glich.<\/li>\n<li>Spielberechtigt sind alle Spieler, die in 2005 geboren sind (und j\u00fcnger).<\/li>\n<li>Die von den Schiedsrichtern getroffenen Entscheidungen sind bindend. Bei einem Streit in Bezug auf die Organisation entscheidet die Turnierleitung.<\/li>\n<li>Die Spieldauer betr\u00e4gt 1 x 25 Minuten ohne Wechsel.<\/li>\n<li>Es wird in zwei Gruppen zu vier Mannschaften gespielt. Die Pl\u00e4tze 1 bis 2 der beiden Gruppen spielen ein Halbfinale um den Einzug in das Endspiel. Die Pl\u00e4tze 3 bis 4 spielen ein Halbfinale um das Erreichen des Spiels um Platz 5.\u00a0Wenn zwei Mannschaften gleich viele Punkte haben, entscheidet die Tordifferenz (die Zahl der geschossenen Tore minus die Zahl der kassierten Tore). Wenn die Tordifferenz gleich ist, ist die Zahl der geschossenen Tore entscheidend. Gibt es dann noch keine Entscheidung, kommt es zum Elfmeterschiessen. Jede Mannschaft hat 5 Elfmeter, die\u00a0durch 5 verschiedene Spieler ausgef\u00fchrt werden. Sollte nach dieser Serie kein Sieger feststehen, wird von den restlichen Spielern der Mannschaft jeweils ein Strafsto\u00df ausgef\u00fchrt, bis eine Entscheidung gefallen ist.<\/li>\n<li>Eine Zeitstrafe betr\u00e4gt 5 Minuten. Erh\u00e4lt ein Spieler die rote Karte (Platzverweis), dann ist er f\u00fcr den restlichen Turnierverlauf gesperrt.<\/li>\n<li>Die teilnehmende Vereine werden gebeten, ein Ersatztrikot oder Leibchen bereit zu halten.<\/li>\n<\/ol>\n","protected":false},"excerpt":{"rendered":"<p>In der 19. Auflage findet in Neuss das\u00a0Traditionsturnier Novesia Cup statt. Dieses Jugendturnier z\u00e4hlt zu den bekannten und bei den Top-Vereinen des In- und Auslandes sehr beliebten Veranstaltungen. Auch in &#8230;<\/p>\n","protected":false},"author":1,"featured_media":0,"parent":0,"menu_order":0,"comment_status":"closed","ping_status":"closed","template":"","meta":{"_monsterinsights_skip_tracking":false,"_monsterinsights_sitenote_active":false,"_monsterinsights_sitenote_note":"","_monsterinsights_sitenote_category":0,"footnotes":""},"class_list":["post-690","page","type-page","status-publish","hentry"],"_links":{"self":[{"href":"https:\/\/novesiacup.com\/index.php\/wp-json\/wp\/v2\/pages\/690","targetHints":{"allow":["GET"]}}],"collection":[{"href":"https:\/\/novesiacup.com\/index.php\/wp-json\/wp\/v2\/pages"}],"about":[{"href":"https:\/\/novesiacup.com\/index.php\/wp-json\/wp\/v2\/types\/page"}],"author":[{"embeddable":true,"href":"https:\/\/novesiacup.com\/index.php\/wp-json\/wp\/v2\/users\/1"}],"replies":[{"embeddable":true,"href":"https:\/\/novesiacup.com\/index.php\/wp-json\/wp\/v2\/comments?post=690"}],"version-history":[{"count":18,"href":"https:\/\/novesiacup.com\/index.php\/wp-json\/wp\/v2\/pages\/690\/revisions"}],"predecessor-version":[{"id":884,"href":"https:\/\/novesiacup.com\/index.php\/wp-json\/wp\/v2\/pages\/690\/revisions\/884"}],"wp:attachment":[{"href":"https:\/\/novesiacup.com\/index.php\/wp-json\/wp\/v2\/media?parent=690"}],"curies":[{"name":"wp","href":"https:\/\/api.w.org\/{rel}","templated":true}]}}