{"id":1343,"date":"2023-08-23T13:16:22","date_gmt":"2023-08-23T11:16:22","guid":{"rendered":"http:\/\/novesiacup.com\/?page_id=1343"},"modified":"2023-08-23T13:24:07","modified_gmt":"2023-08-23T11:24:07","slug":"fortuna-duesseldorf","status":"publish","type":"page","link":"https:\/\/novesiacup.com\/index.php\/novesia-cup-2023\/fortuna-duesseldorf\/","title":{"rendered":"Fortuna D\u00fcsseldorf"},"content":{"rendered":"<p><img loading=\"lazy\" decoding=\"async\" class=\"aligncenter size-full wp-image-982\" src=\"http:\/\/novesiacup.com\/wp-content\/uploads\/2019\/08\/TeamLogos2019_f95.jpg\" alt=\"\" width=\"1200\" height=\"500\" srcset=\"https:\/\/novesiacup.com\/wp-content\/uploads\/2019\/08\/TeamLogos2019_f95.jpg 1200w, https:\/\/novesiacup.com\/wp-content\/uploads\/2019\/08\/TeamLogos2019_f95-300x125.jpg 300w, https:\/\/novesiacup.com\/wp-content\/uploads\/2019\/08\/TeamLogos2019_f95-768x320.jpg 768w, https:\/\/novesiacup.com\/wp-content\/uploads\/2019\/08\/TeamLogos2019_f95-1024x427.jpg 1024w\" sizes=\"auto, (max-width: 1200px) 100vw, 1200px\" \/><\/p>\n<p>&nbsp;<\/p>\n<h2>Ein weiterer Anlauf in der 2. Bundesliga<\/h2>\n<p>Viel zu feiern gab es bei den Profis der Fortuna im letzten Jahrzehnt eher selten. Aber unersch\u00fctterlich ist der Glaube der Fans an die Fortuna D\u00fcsseldorf. Ein Verein, der auch schon mal deutscher Meister war und eine sehr lange Zeit in der h\u00f6chsten deutschen Fu\u00dfballklasse eine gute Rolle spielte. Auch im DFB-Pokal konnte die Fortuna mehrere Titel erringen, wenn auch zugegebenerma\u00dfen diese Zeit schon etwas zur\u00fcckliegt. In diesem Jahr wurde der Aufstieg nur knapp verpasst, was f\u00fcr die laufende Saison 23\/24 durchaus zu Hoffnungen berechtigt.<\/p>\n<p>Zwischen der Fortuna und Neuss gab es viele Jahre besondere Beziehungen. Bei der Fortuna haben alleine schon aufgrund der r\u00e4umlichen N\u00e4he zahlreiche Kicker aus Neuss die Fu\u00dfballstiefel geschn\u00fcrt. Zu den bekanntesten z\u00e4hlen sicherlich Robert Begerau und \u201eSch\u00e4del\u201c G\u00fcnther Thiele, der mit unvergessenen Kopfballtoren nicht nur die D\u00fcsseldorfer Fans begeisterte. Auch die Funkelfamilie aus Neuss hat ja in D\u00fcsseldorf so manche Spuren hinterlassen k\u00f6nnen. Zuletzt war es in dieser Beziehung eher ruhig, was daran liegt, dass in Neuss dem Fu\u00dfball aktuell eher ein sehr bescheidenes Dasein zugestanden werden muss.<\/p>\n<p>Dennoch war f\u00fcr die Jugendmannschaften von Fortuna D\u00fcsseldorf der Novesia Cup schon immer ein Heimspiel gewesen. Immer haben die Nachwuchsmannschaften aus D\u00fcsseldorf den Weg nach Neuss gefunden. Allerdings war eine Endspielteilnahme oder gar der Pokalsieg den jungen Fortunakickern bisher immer verwehrt. Dennoch konnten die jungen D\u00fcsseldorfer oft durchaus mit guten Mittelpl\u00e4tzen \u00fcberzeugen. Im letzten Jahr belegte die Fortuna nach einer Niederlage gegen Dortmund beim kleinen Endspiel den vierten Rang.<\/p>\n<p>In der abgelaufenen Bundesligarunde belegte der Jahrgang 2010 der D\u00fcsseldorfer einen guten Mittelplatz. Beim diesj\u00e4hrigen Cup kann die Fortuna in der Vorrunde gegen KAS Eupen, VFL Bochum und der DFB Auswahl Rheinkreis erneut ihr K\u00f6nnen unter Beweis stellen. Das Nahziel d\u00fcrfte erneut das Erreichen des Halbfinals sein. Danach ist sicher vieles m\u00f6glich.<\/p>\n<p>&nbsp;<\/p>\n<p><a href=\"https:\/\/www.geruestbau-kaiser.de\/\" target=\"_blank\" rel=\"noopener\"><img loading=\"lazy\" decoding=\"async\" class=\"alignleft wp-image-1231 size-large\" src=\"http:\/\/novesiacup.com\/wp-content\/uploads\/2022\/08\/Werbung_Kaiser-1024x667.jpg\" alt=\"\" width=\"800\" height=\"521\" srcset=\"https:\/\/novesiacup.com\/wp-content\/uploads\/2022\/08\/Werbung_Kaiser-1024x667.jpg 1024w, https:\/\/novesiacup.com\/wp-content\/uploads\/2022\/08\/Werbung_Kaiser-300x196.jpg 300w, https:\/\/novesiacup.com\/wp-content\/uploads\/2022\/08\/Werbung_Kaiser-768x501.jpg 768w, https:\/\/novesiacup.com\/wp-content\/uploads\/2022\/08\/Werbung_Kaiser.jpg 1654w\" sizes=\"auto, (max-width: 800px) 100vw, 800px\" \/><\/a><\/p>\n","protected":false},"excerpt":{"rendered":"<p>&nbsp; Ein weiterer Anlauf in der 2. Bundesliga Viel zu feiern gab es bei den Profis der Fortuna im letzten Jahrzehnt eher selten. Aber unersch\u00fctterlich ist der Glaube der Fans &#8230;<\/p>\n","protected":false},"author":1,"featured_media":982,"parent":1304,"menu_order":0,"comment_status":"closed","ping_status":"closed","template":"","meta":{"_monsterinsights_skip_tracking":false,"_monsterinsights_sitenote_active":false,"_monsterinsights_sitenote_note":"","_monsterinsights_sitenote_category":0,"footnotes":""},"class_list":["post-1343","page","type-page","status-publish","has-post-thumbnail","hentry"],"_links":{"self":[{"href":"https:\/\/novesiacup.com\/index.php\/wp-json\/wp\/v2\/pages\/1343","targetHints":{"allow":["GET"]}}],"collection":[{"href":"https:\/\/novesiacup.com\/index.php\/wp-json\/wp\/v2\/pages"}],"about":[{"href":"https:\/\/novesiacup.com\/index.php\/wp-json\/wp\/v2\/types\/page"}],"author":[{"embeddable":true,"href":"https:\/\/novesiacup.com\/index.php\/wp-json\/wp\/v2\/users\/1"}],"replies":[{"embeddable":true,"href":"https:\/\/novesiacup.com\/index.php\/wp-json\/wp\/v2\/comments?post=1343"}],"version-history":[{"count":1,"href":"https:\/\/novesiacup.com\/index.php\/wp-json\/wp\/v2\/pages\/1343\/revisions"}],"predecessor-version":[{"id":1344,"href":"https:\/\/novesiacup.com\/index.php\/wp-json\/wp\/v2\/pages\/1343\/revisions\/1344"}],"up":[{"embeddable":true,"href":"https:\/\/novesiacup.com\/index.php\/wp-json\/wp\/v2\/pages\/1304"}],"wp:featuredmedia":[{"embeddable":true,"href":"https:\/\/novesiacup.com\/index.php\/wp-json\/wp\/v2\/media\/982"}],"wp:attachment":[{"href":"https:\/\/novesiacup.com\/index.php\/wp-json\/wp\/v2\/media?parent=1343"}],"curies":[{"name":"wp","href":"https:\/\/api.w.org\/{rel}","templated":true}]}}