{"id":1255,"date":"2022-09-01T00:13:33","date_gmt":"2022-08-31T22:13:33","guid":{"rendered":"http:\/\/novesiacup.com\/?page_id=1255"},"modified":"2022-09-01T00:13:33","modified_gmt":"2022-08-31T22:13:33","slug":"stadtauswahl-neuss","status":"publish","type":"page","link":"https:\/\/novesiacup.com\/index.php\/novesia-cup-2022\/stadtauswahl-neuss\/","title":{"rendered":"Stadtauswahl Neuss"},"content":{"rendered":"<p><img loading=\"lazy\" decoding=\"async\" class=\"alignleft wp-image-998 size-large\" src=\"http:\/\/novesiacup.com\/wp-content\/uploads\/2019\/08\/TeamLogos2019_neuss-1024x427.jpg\" alt=\"\" width=\"800\" height=\"334\" srcset=\"https:\/\/novesiacup.com\/wp-content\/uploads\/2019\/08\/TeamLogos2019_neuss-1024x427.jpg 1024w, https:\/\/novesiacup.com\/wp-content\/uploads\/2019\/08\/TeamLogos2019_neuss-300x125.jpg 300w, https:\/\/novesiacup.com\/wp-content\/uploads\/2019\/08\/TeamLogos2019_neuss-768x320.jpg 768w, https:\/\/novesiacup.com\/wp-content\/uploads\/2019\/08\/TeamLogos2019_neuss.jpg 1200w\" sizes=\"auto, (max-width: 800px) 100vw, 800px\" \/><\/p>\n<p>&nbsp;<\/p>\n<h2>Eine ehemalige Fu\u00dfballhochburg sucht weiter L\u00f6sungen<\/h2>\n<p>Einst noch eine \u201eFu\u00dfballhochburg\u201c und eine Quelle von sp\u00e4teren Fu\u00dfballprofis hat die <strong>Stadt Neuss<\/strong> im Fu\u00dfball heute einen gro\u00dfen Nachholbedarf. Dabei gibt es auch in Neuss sehr viele Talente, die es zu sichten und zu f\u00f6rdern gilt. Die Bildung einer <strong>U14 Stadtauswahl<\/strong> und die Teilnahme am <strong>Novesia Cup<\/strong> stellt eine erste besondere Ma\u00dfnahme f\u00fcr den Fu\u00dfball in Neuss dar. Das regelm\u00e4\u00dfige Training und Vergleichsspiele mit Mannschaften aus h\u00f6herklassigen Vereinen ist ein wichtiger Schritt in die richtige Richtung.<\/p>\n<p>Aber die H\u00f6hepunkte der Saison stellen nat\u00fcrlich immer die Spiele der Auswahl beim <strong>Novesia Cup<\/strong> im heimischen Neuss dar. Erwartungsgem\u00e4\u00df wachsen da die B\u00e4ume f\u00fcr die Stadtauswahl leider \u201enicht in den Himmel\u201c, aber bei den Auftritten in den vergangenen Jahren und den regelm\u00e4\u00dfigen Teilnahmen hat sich die <strong>Auswahl Neuss<\/strong> den Umst\u00e4nden entsprechend immer recht gut verkauft. Aber umso gespannter darf man auch in diesem Jahr auf den Vergleich mit den Besten der Profivereine sein. Mit <strong>Dortmund<\/strong>, <strong>K\u00f6ln<\/strong> und <strong>Eupen<\/strong> erwartet die Auswahl schon in der Vorrunde echte Herausforderungen.<\/p>\n<p>Die jungen Neusser Spieler wurden \u00fcber mehrere Wochen besonders auf das Turnier vorbereitet, wobei wegen einer m\u00f6glichen \u00dcberforderung und der eigenen Teilnahme des <strong>DFB-St\u00fctzpunktes<\/strong> auf Spieler dieser Auswahl verzichtet wurde. Aber auch in der \u201ezweiten Reihe\u201c befinden sich etliche Spieler, die eine besondere F\u00f6rderung und Beachtung verdienen. Das betrifft die Ausstattung wie auch den sonstigen Rahmen, wie ein gr\u00f6\u00dferes Trainer- bzw. Betreuerteam, h\u00f6herklassige Testspiele und sowie eine Bef\u00f6rderung zu den Spielen per Mannschaftsbus. Alle Massnahmen unterstreichen die Bedeutung der Neusser Mannschaft. Eine gro\u00dfe Unterst\u00fctzung erf\u00e4hrt die Stadtauswahl auch von den Neusser Vereinen, in denen die Auswahlspieler beheimatet sind: <strong>TUS Reuschenberg<\/strong>, <strong>SVG Wei\u00dfenberg<\/strong>, <strong>PSV Nordstadt<\/strong>, <strong>TSV Norf<\/strong>, <strong>VFR B\u00fcttgen<\/strong>, <strong>HSG<\/strong>.<\/p>\n<p>&nbsp;<\/p>\n<p><a href=\"https:\/\/www.neuss.de\/\" target=\"_blank\" rel=\"noopener\"><img loading=\"lazy\" decoding=\"async\" class=\"alignleft wp-image-873 size-full\" src=\"http:\/\/novesiacup.com\/wp-content\/uploads\/2018\/08\/anzeige2018_neuss.jpg\" alt=\"\" width=\"1000\" height=\"345\" srcset=\"https:\/\/novesiacup.com\/wp-content\/uploads\/2018\/08\/anzeige2018_neuss.jpg 1000w, https:\/\/novesiacup.com\/wp-content\/uploads\/2018\/08\/anzeige2018_neuss-300x104.jpg 300w, https:\/\/novesiacup.com\/wp-content\/uploads\/2018\/08\/anzeige2018_neuss-768x265.jpg 768w\" sizes=\"auto, (max-width: 1000px) 100vw, 1000px\" \/><\/a><\/p>\n","protected":false},"excerpt":{"rendered":"<p>&nbsp; Eine ehemalige Fu\u00dfballhochburg sucht weiter L\u00f6sungen Einst noch eine \u201eFu\u00dfballhochburg\u201c und eine Quelle von sp\u00e4teren Fu\u00dfballprofis hat die Stadt Neuss im Fu\u00dfball heute einen gro\u00dfen Nachholbedarf. Dabei gibt es &#8230;<\/p>\n","protected":false},"author":1,"featured_media":0,"parent":1185,"menu_order":0,"comment_status":"closed","ping_status":"closed","template":"","meta":{"_monsterinsights_skip_tracking":false,"_monsterinsights_sitenote_active":false,"_monsterinsights_sitenote_note":"","_monsterinsights_sitenote_category":0,"footnotes":""},"class_list":["post-1255","page","type-page","status-publish","hentry"],"_links":{"self":[{"href":"https:\/\/novesiacup.com\/index.php\/wp-json\/wp\/v2\/pages\/1255","targetHints":{"allow":["GET"]}}],"collection":[{"href":"https:\/\/novesiacup.com\/index.php\/wp-json\/wp\/v2\/pages"}],"about":[{"href":"https:\/\/novesiacup.com\/index.php\/wp-json\/wp\/v2\/types\/page"}],"author":[{"embeddable":true,"href":"https:\/\/novesiacup.com\/index.php\/wp-json\/wp\/v2\/users\/1"}],"replies":[{"embeddable":true,"href":"https:\/\/novesiacup.com\/index.php\/wp-json\/wp\/v2\/comments?post=1255"}],"version-history":[{"count":2,"href":"https:\/\/novesiacup.com\/index.php\/wp-json\/wp\/v2\/pages\/1255\/revisions"}],"predecessor-version":[{"id":1259,"href":"https:\/\/novesiacup.com\/index.php\/wp-json\/wp\/v2\/pages\/1255\/revisions\/1259"}],"up":[{"embeddable":true,"href":"https:\/\/novesiacup.com\/index.php\/wp-json\/wp\/v2\/pages\/1185"}],"wp:attachment":[{"href":"https:\/\/novesiacup.com\/index.php\/wp-json\/wp\/v2\/media?parent=1255"}],"curies":[{"name":"wp","href":"https:\/\/api.w.org\/{rel}","templated":true}]}}