{"id":1240,"date":"2022-09-01T00:01:18","date_gmt":"2022-08-31T22:01:18","guid":{"rendered":"http:\/\/novesiacup.com\/?page_id=1240"},"modified":"2022-09-01T00:01:18","modified_gmt":"2022-08-31T22:01:18","slug":"kas-eupen","status":"publish","type":"page","link":"https:\/\/novesiacup.com\/index.php\/novesia-cup-2022\/kas-eupen\/","title":{"rendered":"KAS Eupen"},"content":{"rendered":"<p><img loading=\"lazy\" decoding=\"async\" class=\"alignleft wp-image-1241 size-large\" src=\"http:\/\/novesiacup.com\/wp-content\/uploads\/2022\/08\/TeamLogos2022_Eupen-1024x427.jpg\" alt=\"\" width=\"800\" height=\"334\" srcset=\"https:\/\/novesiacup.com\/wp-content\/uploads\/2022\/08\/TeamLogos2022_Eupen-1024x427.jpg 1024w, https:\/\/novesiacup.com\/wp-content\/uploads\/2022\/08\/TeamLogos2022_Eupen-300x125.jpg 300w, https:\/\/novesiacup.com\/wp-content\/uploads\/2022\/08\/TeamLogos2022_Eupen-768x320.jpg 768w, https:\/\/novesiacup.com\/wp-content\/uploads\/2022\/08\/TeamLogos2022_Eupen.jpg 1200w\" sizes=\"auto, (max-width: 800px) 100vw, 800px\" \/><\/p>\n<p>&nbsp;<\/p>\n<h2>Ein Verein mit viel Potential<\/h2>\n<p>Die <strong>K\u00f6nigliche Allgemeine Sportvereinigung Eupen<\/strong> ist ein belgischer Fu\u00dfballverein aus <strong>Eupen<\/strong>. Er ist der erfolgreichste Fu\u00dfballverein der deutschsprachigen Gemeinschaft <strong>Belgiens<\/strong>. Nach mehreren erfolgreichen Jahren seit dem Aufstieg in die erste belgische Liga konnte auch in der letzten Saison die Klasse gehalten werden. F\u00fcr die neue Saison 22\/23 in der ersten Liga wurde<strong> Bernd Storck<\/strong> als neuer Trainer verpflichtet.<\/p>\n<p>Auch der Nachwuchs der <strong>KAS Eupen<\/strong> kann auf ein \u00fcberaus erfolgreiches Jahr verweisen. In den Abschlusstabellen der <strong>Nationalen Elite B<\/strong> landeten alle Jugendteams von <strong>KAS<\/strong> auf Spitzenpositionen: Die <strong>U21<\/strong>, <strong>U16<\/strong>, <strong>U15<\/strong> und <strong>U13<\/strong> wurden Meister, die <strong>U18<\/strong> und <strong>U14<\/strong> beendeten die Saison als Vizemeister. Als Folge hat die Jugend-Lizenzkommission der <strong>Pro League<\/strong> die Jugendmannschaften von<strong> KAS Eupe<\/strong>n den 12 Clubs der <strong>Serie A<\/strong> zugeordnet. Damit werden sich die Eupener Jugendmannschaften von den <strong>U11<\/strong> bis <strong>U18<\/strong> in der kommenden Saison in der <strong>Bundesliga<\/strong> des belgischen Nachwuchsfu\u00dfballs mit den Top-Vereinen des Landes messen. Das bietet dem Verein die Chance, die jungen Spieler auf einem h\u00f6chsten Niveau weiterzuentwickeln.<\/p>\n<p>Den richtigen Einstieg hierf\u00fcr bietet die Teilnahme am <strong>Novesia Cup 2022<\/strong>. In der Vorrunde warten mit <strong>Borussia Dortmund<\/strong> und dem <strong>1. FC K\u00f6ln<\/strong> richtig dicke Brocken. Dagegen d\u00fcrfte der Turnierstart gegen die <strong>Stadtauswahl<\/strong> eher als Einstieg gesehen werden. Gegenpressing, Vertikalit\u00e4t und Athletik d\u00fcrften KAS-Eigenschaften sein, die auch von der Auswahl angestrebt werden.<\/p>\n<p>&nbsp;<\/p>\n<p><a href=\"https:\/\/www.entsorgung-niederrhein.de\/\" target=\"_blank\" rel=\"noopener\"><img loading=\"lazy\" decoding=\"async\" class=\"alignleft wp-image-1242 size-large\" src=\"http:\/\/novesiacup.com\/wp-content\/uploads\/2022\/09\/Werbung_EGN-1024x727.jpg\" alt=\"\" width=\"800\" height=\"568\" srcset=\"https:\/\/novesiacup.com\/wp-content\/uploads\/2022\/09\/Werbung_EGN-1024x727.jpg 1024w, https:\/\/novesiacup.com\/wp-content\/uploads\/2022\/09\/Werbung_EGN-300x213.jpg 300w, https:\/\/novesiacup.com\/wp-content\/uploads\/2022\/09\/Werbung_EGN-768x545.jpg 768w, https:\/\/novesiacup.com\/wp-content\/uploads\/2022\/09\/Werbung_EGN.jpg 1670w\" sizes=\"auto, (max-width: 800px) 100vw, 800px\" \/><\/a><\/p>\n","protected":false},"excerpt":{"rendered":"<p>&nbsp; Ein Verein mit viel Potential Die K\u00f6nigliche Allgemeine Sportvereinigung Eupen ist ein belgischer Fu\u00dfballverein aus Eupen. Er ist der erfolgreichste Fu\u00dfballverein der deutschsprachigen Gemeinschaft Belgiens. Nach mehreren erfolgreichen Jahren &#8230;<\/p>\n","protected":false},"author":1,"featured_media":0,"parent":1185,"menu_order":0,"comment_status":"closed","ping_status":"closed","template":"","meta":{"_monsterinsights_skip_tracking":false,"_monsterinsights_sitenote_active":false,"_monsterinsights_sitenote_note":"","_monsterinsights_sitenote_category":0,"footnotes":""},"class_list":["post-1240","page","type-page","status-publish","hentry"],"_links":{"self":[{"href":"https:\/\/novesiacup.com\/index.php\/wp-json\/wp\/v2\/pages\/1240","targetHints":{"allow":["GET"]}}],"collection":[{"href":"https:\/\/novesiacup.com\/index.php\/wp-json\/wp\/v2\/pages"}],"about":[{"href":"https:\/\/novesiacup.com\/index.php\/wp-json\/wp\/v2\/types\/page"}],"author":[{"embeddable":true,"href":"https:\/\/novesiacup.com\/index.php\/wp-json\/wp\/v2\/users\/1"}],"replies":[{"embeddable":true,"href":"https:\/\/novesiacup.com\/index.php\/wp-json\/wp\/v2\/comments?post=1240"}],"version-history":[{"count":1,"href":"https:\/\/novesiacup.com\/index.php\/wp-json\/wp\/v2\/pages\/1240\/revisions"}],"predecessor-version":[{"id":1243,"href":"https:\/\/novesiacup.com\/index.php\/wp-json\/wp\/v2\/pages\/1240\/revisions\/1243"}],"up":[{"embeddable":true,"href":"https:\/\/novesiacup.com\/index.php\/wp-json\/wp\/v2\/pages\/1185"}],"wp:attachment":[{"href":"https:\/\/novesiacup.com\/index.php\/wp-json\/wp\/v2\/media?parent=1240"}],"curies":[{"name":"wp","href":"https:\/\/api.w.org\/{rel}","templated":true}]}}