{"id":1230,"date":"2022-08-31T23:45:42","date_gmt":"2022-08-31T21:45:42","guid":{"rendered":"http:\/\/novesiacup.com\/?page_id=1230"},"modified":"2022-08-31T23:45:42","modified_gmt":"2022-08-31T21:45:42","slug":"fortuna-duesseldorf","status":"publish","type":"page","link":"https:\/\/novesiacup.com\/index.php\/novesia-cup-2022\/fortuna-duesseldorf\/","title":{"rendered":"Fortuna D\u00fcsseldorf"},"content":{"rendered":"<p><img loading=\"lazy\" decoding=\"async\" class=\"aligncenter size-full wp-image-982\" src=\"http:\/\/novesiacup.com\/wp-content\/uploads\/2019\/08\/TeamLogos2019_f95.jpg\" alt=\"\" width=\"1200\" height=\"500\" srcset=\"https:\/\/novesiacup.com\/wp-content\/uploads\/2019\/08\/TeamLogos2019_f95.jpg 1200w, https:\/\/novesiacup.com\/wp-content\/uploads\/2019\/08\/TeamLogos2019_f95-300x125.jpg 300w, https:\/\/novesiacup.com\/wp-content\/uploads\/2019\/08\/TeamLogos2019_f95-768x320.jpg 768w, https:\/\/novesiacup.com\/wp-content\/uploads\/2019\/08\/TeamLogos2019_f95-1024x427.jpg 1024w\" sizes=\"auto, (max-width: 1200px) 100vw, 1200px\" \/><\/p>\n<p>&nbsp;<\/p>\n<h2>Neuer Anlauf in der 2. Bundesliga<\/h2>\n<p>Etwas zu feiern gab es bei den Profis der <strong>Fortuna<\/strong> im letzten Jahrzehnt eher selten. Aber unersch\u00fctterlich wird immer an die <strong>Fortuna<\/strong> geglaubt, zumal der Verein bereits <strong>Deutscher Meister<\/strong> war und eine sehr lange Zeit in der h\u00f6chsten deutschen Fu\u00dfballklasse spielte. Auch im <strong>DFB-Pokal<\/strong> konnte die <strong>Fortuna<\/strong> mehrere Titel erringen, wenn auch zugegebenerma\u00dfen diese Zeit schon etwas zur\u00fcckliegt.<\/p>\n<p>Bei der <strong>Fortuna<\/strong> haben alleine schon aufgrund der r\u00e4umlichen N\u00e4he zahlreiche Kicker aus <strong>Neuss<\/strong> die Fu\u00dfballstiefel geschn\u00fcrt. Zu den bekanntesten z\u00e4hlen sicherlich <strong>Robert Begerau<\/strong> und <strong>\u201eSch\u00e4del\u201c G\u00fcnther Thiele<\/strong>, der mit unvergessenen Kopfballtoren nicht nur die D\u00fcsseldorfer Fans begeisterte. Auch die Funkelfamilie aus <strong>Neuss<\/strong> hat ja in D\u00fcsseldorf so manche Spuren hinterlassen k\u00f6nnen.<\/p>\n<p>So war f\u00fcr die <strong>U14<\/strong> von <strong>Fortuna D\u00fcsseldorf<\/strong> der <strong>Novesia Cup<\/strong> schon immer fast so etwas wie ein Heimspiel gewesen. Immer haben die Nachwuchsmannschaften aus <strong>D\u00fcsseldorf<\/strong> den Weg nach <strong>Neuss<\/strong> gefunden, wenn auch eine Endspielteilnahme oder gar der <strong>Pokalsieg der Fortuna<\/strong> bisher immer verwehrt war. Dennoch konnten die jungen <strong>D\u00fcsseldorfer<\/strong> oft \u00fcberzeugen, was man auch beim diesj\u00e4hrigen Turnier bei den Spielen gegen <strong>Metalist Charkiw<\/strong>, gegen den ewigen Rivalen <strong>Borussia M\u00f6nchengladbach<\/strong> und den Talenten aus dem <strong>Rheinkreis<\/strong> unter Beweis stellen wird. Das Ziel d\u00fcrfte das Erreichen des Halbfinals sein. Danach ist sicher vieles m\u00f6glich. In der abgelaufenen Bundesligarunde musste der aktuelle Jahrgang 2009 der <strong>Fortuna<\/strong> den diesj\u00e4hrigen heimischen Konkurrenten beim Cup den Vortritt lassen. Die Spiele gegen <strong>Dortmund<\/strong> gingen beide recht knapp verloren. Aber gegen <strong>M\u00f6nchengladbach<\/strong> konnte man jeweils ein Remis erzielen.<\/p>\n<p>&nbsp;<\/p>\n<p><a href=\"https:\/\/www.geruestbau-kaiser.de\/\" target=\"_blank\" rel=\"noopener\"><img loading=\"lazy\" decoding=\"async\" class=\"alignleft wp-image-1231 size-large\" src=\"http:\/\/novesiacup.com\/wp-content\/uploads\/2022\/08\/Werbung_Kaiser-1024x667.jpg\" alt=\"\" width=\"800\" height=\"521\" srcset=\"https:\/\/novesiacup.com\/wp-content\/uploads\/2022\/08\/Werbung_Kaiser-1024x667.jpg 1024w, https:\/\/novesiacup.com\/wp-content\/uploads\/2022\/08\/Werbung_Kaiser-300x196.jpg 300w, https:\/\/novesiacup.com\/wp-content\/uploads\/2022\/08\/Werbung_Kaiser-768x501.jpg 768w, https:\/\/novesiacup.com\/wp-content\/uploads\/2022\/08\/Werbung_Kaiser.jpg 1654w\" sizes=\"auto, (max-width: 800px) 100vw, 800px\" \/><\/a><\/p>\n","protected":false},"excerpt":{"rendered":"<p>&nbsp; Neuer Anlauf in der 2. Bundesliga Etwas zu feiern gab es bei den Profis der Fortuna im letzten Jahrzehnt eher selten. Aber unersch\u00fctterlich wird immer an die Fortuna geglaubt, &#8230;<\/p>\n","protected":false},"author":1,"featured_media":0,"parent":1185,"menu_order":0,"comment_status":"closed","ping_status":"closed","template":"","meta":{"_monsterinsights_skip_tracking":false,"_monsterinsights_sitenote_active":false,"_monsterinsights_sitenote_note":"","_monsterinsights_sitenote_category":0,"footnotes":""},"class_list":["post-1230","page","type-page","status-publish","hentry"],"_links":{"self":[{"href":"https:\/\/novesiacup.com\/index.php\/wp-json\/wp\/v2\/pages\/1230","targetHints":{"allow":["GET"]}}],"collection":[{"href":"https:\/\/novesiacup.com\/index.php\/wp-json\/wp\/v2\/pages"}],"about":[{"href":"https:\/\/novesiacup.com\/index.php\/wp-json\/wp\/v2\/types\/page"}],"author":[{"embeddable":true,"href":"https:\/\/novesiacup.com\/index.php\/wp-json\/wp\/v2\/users\/1"}],"replies":[{"embeddable":true,"href":"https:\/\/novesiacup.com\/index.php\/wp-json\/wp\/v2\/comments?post=1230"}],"version-history":[{"count":2,"href":"https:\/\/novesiacup.com\/index.php\/wp-json\/wp\/v2\/pages\/1230\/revisions"}],"predecessor-version":[{"id":1342,"href":"https:\/\/novesiacup.com\/index.php\/wp-json\/wp\/v2\/pages\/1230\/revisions\/1342"}],"up":[{"embeddable":true,"href":"https:\/\/novesiacup.com\/index.php\/wp-json\/wp\/v2\/pages\/1185"}],"wp:attachment":[{"href":"https:\/\/novesiacup.com\/index.php\/wp-json\/wp\/v2\/media?parent=1230"}],"curies":[{"name":"wp","href":"https:\/\/api.w.org\/{rel}","templated":true}]}}