{"id":1224,"date":"2022-08-31T23:38:39","date_gmt":"2022-08-31T21:38:39","guid":{"rendered":"http:\/\/novesiacup.com\/?page_id=1224"},"modified":"2022-08-31T23:38:39","modified_gmt":"2022-08-31T21:38:39","slug":"borussia-moenchengladbach","status":"publish","type":"page","link":"https:\/\/novesiacup.com\/index.php\/novesia-cup-2022\/borussia-moenchengladbach\/","title":{"rendered":"Borussia M\u00f6nchengladbach"},"content":{"rendered":"<p><img loading=\"lazy\" decoding=\"async\" class=\"alignleft wp-image-962 size-large\" src=\"http:\/\/novesiacup.com\/wp-content\/uploads\/2019\/08\/TeamLogos2019_borussia-1024x427.jpg\" alt=\"\" width=\"800\" height=\"334\" srcset=\"https:\/\/novesiacup.com\/wp-content\/uploads\/2019\/08\/TeamLogos2019_borussia-1024x427.jpg 1024w, https:\/\/novesiacup.com\/wp-content\/uploads\/2019\/08\/TeamLogos2019_borussia-300x125.jpg 300w, https:\/\/novesiacup.com\/wp-content\/uploads\/2019\/08\/TeamLogos2019_borussia-768x320.jpg 768w, https:\/\/novesiacup.com\/wp-content\/uploads\/2019\/08\/TeamLogos2019_borussia.jpg 1200w\" sizes=\"auto, (max-width: 800px) 100vw, 800px\" \/><\/p>\n<p>&nbsp;<\/p>\n<h2>Der Dauerbrenner des Novesia Cups<\/h2>\n<p>Zu den gr\u00f6\u00dften Promotern der Stadt <strong>M\u00f6nchengladbach<\/strong> z\u00e4hlt seit vielen Jahren auch die <strong>Borussia<\/strong>. In 2013 \u00fcberschritt der Verein die Marke von 60.000 Mitgliedern und belegt somit in Deutschland eine deutliche Spitzenposition. Diese hatte die <strong>Borussia<\/strong> \u00fcber viele Jahre auch in der Beliebtheit. Die letzten turbulenten Jahre mit weniger guten Ergebnissen und einem Wechsel im Management haben so manchem Fan die Sorgenfalten erheblich wachsen lassen.<\/p>\n<p>Eine Sonderstellung hat jedoch immer das Jugendleistungszentrum der <strong>Borussia<\/strong> eingenommen. Und auch so manche Erfolge sprechen nach wie vor f\u00fcr sich. Beim <strong>Novesia Cup in Neuss<\/strong> jedenfalls war die <strong>Borussia aus M\u00f6nchengladbach<\/strong> immer eine gro\u00dfe Nummer. Die Fohlenelf war seit der Gr\u00fcndung des <strong>Novesia Cups<\/strong> immer Teilnehmer des Wettbewerbs. Nicht in jedem Jahr im Vorfeld favorisiert, konnten sich die jungen <strong>Borussen<\/strong> sehr oft beim prestigetr\u00e4chtigen Turnier in <strong>Neuss<\/strong>, in ihrem \u201eWohnzimmer\u201c, sehr steigern. Kein Verein war so oft im Endspiel und kein Verein hat so oft den Turniersieg errungen. Zuletzt beim <strong>Novesia Cup<\/strong> im Jahre 2017 gegen <strong>Galatasaray Istanbul<\/strong>, der technisch hochversierten Mannschaft aus der <strong>T\u00fcrkei<\/strong>. Auch in diesem Jahr konnte der 2009er Nachwuchs der <strong>Borussia<\/strong> durchaus \u00fcberzeugen. In der <strong>Bundesligarunde 2021\/2022<\/strong> haben die <strong>Borussen<\/strong> mit der gleichnamigen Elf aus <strong>Dortmund<\/strong> die Liga dominiert, was die Mannschaft durchaus zu einem Mitfavoriten des <strong>Novesia Cups 2022<\/strong> macht.<\/p>\n<p>In der Gruppenphase wartet die Konkurrenz aus <strong>D\u00fcsseldorf<\/strong> und aus <strong>Neuss<\/strong>. Ein ganz besonderes Spiel d\u00fcrfte dagegen die Begegnung mit dem Team aus der <strong>Ukraine<\/strong> werden. Das sehr hoch eingesch\u00e4tzte Team von <strong>Metalist Charkiw<\/strong> d\u00fcrfte in diesem Jahr zu einem echten Pr\u00fcfstein der Fohlenelf werden.<\/p>\n<p>Es ist sch\u00f6n, dass f\u00fcr die Zuschauer sowie f\u00fcr die Teams in beiden Gruppen f\u00fcr eine sehr gro\u00dfe Spannung gesorgt ist.<\/p>\n<p>&nbsp;<\/p>\n<p><a href=\"https:\/\/cafe-extrablatt.de\/standorte\/details\/cafe-extrablatt-neuss\" target=\"_blank\" rel=\"noopener\"><img loading=\"lazy\" decoding=\"async\" class=\"alignleft wp-image-1225 size-large\" src=\"http:\/\/novesiacup.com\/wp-content\/uploads\/2022\/08\/Werbung_CafeExtrablatt-1024x571.jpg\" alt=\"\" width=\"800\" height=\"446\" srcset=\"https:\/\/novesiacup.com\/wp-content\/uploads\/2022\/08\/Werbung_CafeExtrablatt-1024x571.jpg 1024w, https:\/\/novesiacup.com\/wp-content\/uploads\/2022\/08\/Werbung_CafeExtrablatt-300x167.jpg 300w, https:\/\/novesiacup.com\/wp-content\/uploads\/2022\/08\/Werbung_CafeExtrablatt-768x428.jpg 768w, https:\/\/novesiacup.com\/wp-content\/uploads\/2022\/08\/Werbung_CafeExtrablatt.jpg 1500w\" sizes=\"auto, (max-width: 800px) 100vw, 800px\" \/><\/a><\/p>\n","protected":false},"excerpt":{"rendered":"<p>&nbsp; Der Dauerbrenner des Novesia Cups Zu den gr\u00f6\u00dften Promotern der Stadt M\u00f6nchengladbach z\u00e4hlt seit vielen Jahren auch die Borussia. In 2013 \u00fcberschritt der Verein die Marke von 60.000 Mitgliedern &#8230;<\/p>\n","protected":false},"author":1,"featured_media":0,"parent":1185,"menu_order":0,"comment_status":"closed","ping_status":"closed","template":"","meta":{"_monsterinsights_skip_tracking":false,"_monsterinsights_sitenote_active":false,"_monsterinsights_sitenote_note":"","_monsterinsights_sitenote_category":0,"footnotes":""},"class_list":["post-1224","page","type-page","status-publish","hentry"],"_links":{"self":[{"href":"https:\/\/novesiacup.com\/index.php\/wp-json\/wp\/v2\/pages\/1224","targetHints":{"allow":["GET"]}}],"collection":[{"href":"https:\/\/novesiacup.com\/index.php\/wp-json\/wp\/v2\/pages"}],"about":[{"href":"https:\/\/novesiacup.com\/index.php\/wp-json\/wp\/v2\/types\/page"}],"author":[{"embeddable":true,"href":"https:\/\/novesiacup.com\/index.php\/wp-json\/wp\/v2\/users\/1"}],"replies":[{"embeddable":true,"href":"https:\/\/novesiacup.com\/index.php\/wp-json\/wp\/v2\/comments?post=1224"}],"version-history":[{"count":2,"href":"https:\/\/novesiacup.com\/index.php\/wp-json\/wp\/v2\/pages\/1224\/revisions"}],"predecessor-version":[{"id":1227,"href":"https:\/\/novesiacup.com\/index.php\/wp-json\/wp\/v2\/pages\/1224\/revisions\/1227"}],"up":[{"embeddable":true,"href":"https:\/\/novesiacup.com\/index.php\/wp-json\/wp\/v2\/pages\/1185"}],"wp:attachment":[{"href":"https:\/\/novesiacup.com\/index.php\/wp-json\/wp\/v2\/media?parent=1224"}],"curies":[{"name":"wp","href":"https:\/\/api.w.org\/{rel}","templated":true}]}}