{"id":1209,"date":"2022-08-31T23:11:25","date_gmt":"2022-08-31T21:11:25","guid":{"rendered":"http:\/\/novesiacup.com\/?page_id=1209"},"modified":"2025-08-27T19:39:04","modified_gmt":"2025-08-27T17:39:04","slug":"1-fc-koeln","status":"publish","type":"page","link":"https:\/\/novesiacup.com\/index.php\/novesia-cup-2022\/1-fc-koeln\/","title":{"rendered":"1. FC K\u00f6ln"},"content":{"rendered":"<p><img loading=\"lazy\" decoding=\"async\" class=\"aligncenter size-full wp-image-986\" src=\"http:\/\/novesiacup.com\/wp-content\/uploads\/2019\/08\/TeamLogos2019_1FCK.jpg\" alt=\"\" width=\"1200\" height=\"500\" srcset=\"https:\/\/novesiacup.com\/wp-content\/uploads\/2019\/08\/TeamLogos2019_1FCK.jpg 1200w, https:\/\/novesiacup.com\/wp-content\/uploads\/2019\/08\/TeamLogos2019_1FCK-300x125.jpg 300w, https:\/\/novesiacup.com\/wp-content\/uploads\/2019\/08\/TeamLogos2019_1FCK-768x320.jpg 768w, https:\/\/novesiacup.com\/wp-content\/uploads\/2019\/08\/TeamLogos2019_1FCK-1024x427.jpg 1024w\" sizes=\"auto, (max-width: 1200px) 100vw, 1200px\" \/><\/p>\n<p>&nbsp;<\/p>\n<h2>Die letzte Siegermannschaft des Cups<\/h2>\n<p><strong>K\u00f6ln<\/strong> hat viele Namen: \u201eDomstadt\u201c, \u201eMesse- und Universit\u00e4tsstadt\u201c, \u201eR\u00f6merstadt\u201c, \u201eKarnevalshochburg\u201c. Am liebsten ist den K\u00f6lner sicher die Benennung als \u201eFu\u00dfballhochburg Eff-Zeh\u201c. Und das am liebsten in Feierlaune, wie das in der abgelaufenen Saison dank des Wechsels auf dem Trainerstuhl sehr oft passiert ist. Zu den besten des Fachs z\u00e4hlen auch die Junioren des Vereins.<\/p>\n<p>Der <strong>1. FC K\u00f6ln<\/strong> war 2006 erstmals beim <strong>Novesia Cup<\/strong>. Trotz der Leistungsdichte beim Turnier erreichte der FC immer Spitzenpl\u00e4tze und stand einmal im Endspiel gegen <strong>Borussia M\u00f6nchengladbach<\/strong>. Aber auch der <strong>1. FC<\/strong> hat es lange Zeit nicht geschafft, die Dominanz der jungen Fohlen in <strong>Neuss<\/strong> zu brechen. Endlich in 2019, in der letztmaligen Auflage des Turniers, konnten die jungen Geisb\u00f6cke triumphieren. Nach einem Superspiel im Halbfinale gegen <strong>M\u00f6nchengladbach<\/strong> und dem gewonnen Elfmeterschiessen wartete mit <strong>Legia Warschau<\/strong> der n\u00e4chste Brocken. Zun\u00e4chst war es ein ausgeglichenes Spiel mit Torchancen auf beiden Seiten. Aber <strong>K\u00f6ln<\/strong> wurde im Spiel nach vorne immer sehr gef\u00e4hrlich und folgerichtig fiel 10 Minuten vor Schluss der erste Gegentreffer f\u00fcr <strong>Legia Warschau<\/strong> im gesamten Turnier \u00fcberhaupt. Dank des sehr guten Torwarts reichte der Treffer zum Sieg, der frenetisch gefeiert wurde.<\/p>\n<p>Aktuell z\u00e4hlt der Jahrgang 2009 aus <strong>K\u00f6ln<\/strong> wieder zu den westdeutschen Top-Mannschaften, wenn man auch den beiden Borussenteams aus <strong>M\u00f6nchengladbach<\/strong> und <strong>Dortmund<\/strong> in der Ligameisterschaft recht deutlich den Vortritt lassen musste. In der Gruppenphase des <strong>Novesia Cup Turniers<\/strong> bekommen es die <strong>K\u00f6lner<\/strong> erneut mit <strong>Borussia Dortmund<\/strong> zu tun. Auch der belgische Vertreter <strong>KAS Eupen<\/strong> d\u00fcrfte dem<strong> 1. FC<\/strong> einiges Abverlangen, wohingegen der Neusser Stadtvertreter gegen das K\u00f6lner Team erst einmal um ein gutes Ergebnis bem\u00fcht sein wird. F\u00fcr eine besondere Spannung d\u00fcrfte somit auch in der Gruppe B gesorgt sein.<\/p>\n<p>&nbsp;<\/p>\n<p><a href=\"https:\/\/www.gwg-neuss.de\/\" target=\"_blank\" rel=\"noopener\"><img loading=\"lazy\" decoding=\"async\" class=\"alignleft wp-image-1118 size-full\" src=\"http:\/\/novesiacup.com\/wp-content\/uploads\/2019\/08\/gwg_2019.jpg\" alt=\"\" width=\"1200\" height=\"1703\" srcset=\"https:\/\/novesiacup.com\/wp-content\/uploads\/2019\/08\/gwg_2019.jpg 1200w, https:\/\/novesiacup.com\/wp-content\/uploads\/2019\/08\/gwg_2019-211x300.jpg 211w, https:\/\/novesiacup.com\/wp-content\/uploads\/2019\/08\/gwg_2019-768x1090.jpg 768w, https:\/\/novesiacup.com\/wp-content\/uploads\/2019\/08\/gwg_2019-722x1024.jpg 722w\" sizes=\"auto, (max-width: 1200px) 100vw, 1200px\" \/><\/a><\/p>\n","protected":false},"excerpt":{"rendered":"<p>&nbsp; Die letzte Siegermannschaft des Cups K\u00f6ln hat viele Namen: \u201eDomstadt\u201c, \u201eMesse- und Universit\u00e4tsstadt\u201c, \u201eR\u00f6merstadt\u201c, \u201eKarnevalshochburg\u201c. Am liebsten ist den K\u00f6lner sicher die Benennung als \u201eFu\u00dfballhochburg Eff-Zeh\u201c. Und das am &#8230;<\/p>\n","protected":false},"author":1,"featured_media":0,"parent":1185,"menu_order":0,"comment_status":"closed","ping_status":"closed","template":"","meta":{"_monsterinsights_skip_tracking":false,"_monsterinsights_sitenote_active":false,"_monsterinsights_sitenote_note":"","_monsterinsights_sitenote_category":0,"footnotes":""},"class_list":["post-1209","page","type-page","status-publish","hentry"],"_links":{"self":[{"href":"https:\/\/novesiacup.com\/index.php\/wp-json\/wp\/v2\/pages\/1209","targetHints":{"allow":["GET"]}}],"collection":[{"href":"https:\/\/novesiacup.com\/index.php\/wp-json\/wp\/v2\/pages"}],"about":[{"href":"https:\/\/novesiacup.com\/index.php\/wp-json\/wp\/v2\/types\/page"}],"author":[{"embeddable":true,"href":"https:\/\/novesiacup.com\/index.php\/wp-json\/wp\/v2\/users\/1"}],"replies":[{"embeddable":true,"href":"https:\/\/novesiacup.com\/index.php\/wp-json\/wp\/v2\/comments?post=1209"}],"version-history":[{"count":3,"href":"https:\/\/novesiacup.com\/index.php\/wp-json\/wp\/v2\/pages\/1209\/revisions"}],"predecessor-version":[{"id":1212,"href":"https:\/\/novesiacup.com\/index.php\/wp-json\/wp\/v2\/pages\/1209\/revisions\/1212"}],"up":[{"embeddable":true,"href":"https:\/\/novesiacup.com\/index.php\/wp-json\/wp\/v2\/pages\/1185"}],"wp:attachment":[{"href":"https:\/\/novesiacup.com\/index.php\/wp-json\/wp\/v2\/media?parent=1209"}],"curies":[{"name":"wp","href":"https:\/\/api.w.org\/{rel}","templated":true}]}}